{"id":55407,"date":"2018-09-28T09:38:52","date_gmt":"2018-09-28T09:38:52","guid":{"rendered":"http:\/\/winkd.eu\/trt\/kovakaanelised-raamatud\/"},"modified":"2019-10-29T10:31:07","modified_gmt":"2019-10-29T10:31:07","slug":"hard-cover","status":"publish","type":"page","link":"https:\/\/www.trt.ee\/en\/hard-cover\/","title":{"rendered":"Hard cover"},"content":{"rendered":"<div class=\"wpb-content-wrapper\"><p>[vc_row bg_type=&#8221;image&#8221; bg_override=&#8221;ex-full&#8221; css=&#8221;.vc_custom_1572345029311{margin-top: -100px !important;background-image: url(https:\/\/trt.ee\/wp-content\/uploads\/2018\/07\/portada1.png?id=53167) !important;}&#8221;][vc_column][vc_column_text css=&#8221;.vc_custom_1547208909314{padding-top: 120px !important;padding-bottom: 90px !important;}&#8221;]<\/p>\n<h1><span style=\"font-weight: 400; color: #ffffff; font-size: 6vh !important;\">Hard cover &#8211; Case bound<\/span><\/h1>\n<p>[\/vc_column_text][\/vc_column][\/vc_row][vc_row gap=&#8221;35&#8243; content_placement=&#8221;middle&#8221; css=&#8221;.vc_custom_1545402674788{padding-bottom: 50px !important;}&#8221;][vc_column width=&#8221;1\/2&#8243; css=&#8221;.vc_custom_1545402664757{margin-top: 0px !important;border-top-width: 0px !important;}&#8221;][vc_column_text]<\/p>\n<h3 style=\"color: #2354a2; text-align: left;\">Hard cover &#8211; Case bound<\/h3>\n<p>[\/vc_column_text][vc_separator color=&#8221;custom&#8221; align=&#8221;align_left&#8221; border_width=&#8221;3&#8243; el_width=&#8221;30&#8243; accent_color=&#8221;#2354a2&#8243; css=&#8221;.vc_custom_1538120243828{margin-top: -20px !important;}&#8221;][vc_column_text]As a rule, the material one finds between the covers of a hard cover book is made to last for generations. But a hard binding isn\u2019t just for books \u2013 it is also suitable for an exquisite magazine, a stylish memory book, or an elegant day timer.<\/p>\n<p>&nbsp;<\/p>\n<p>The advantages of hard cover books are:[\/vc_column_text]<div class=\"standard-arrow list-divider bullet-top\"><ul>\n<li>Durability<\/li>\n<li>Dignity<\/li>\n<li>Effectiveness<\/li>\n<\/ul>\n<\/div>[\/vc_column][vc_column width=&#8221;1\/2&#8243; css=&#8221;.vc_custom_1545402668629{background-position: center !important;background-repeat: no-repeat !important;background-size: contain !important;}&#8221;][vc_single_image image=&#8221;59473&#8243; img_size=&#8221;full&#8221; alignment=&#8221;center&#8221;][\/vc_column][\/vc_row][vc_row gap=&#8221;35&#8243; equal_height=&#8221;yes&#8221; content_placement=&#8221;middle&#8221; css=&#8221;.vc_custom_1543912356122{padding-bottom: 15px !important;}&#8221;][vc_column width=&#8221;1\/2&#8243; css=&#8221;.vc_custom_1545402791956{background-position: center !important;background-repeat: no-repeat !important;background-size: contain !important;}&#8221; offset=&#8221;vc_hidden-md vc_hidden-sm vc_hidden-xs&#8221;][vc_single_image image=&#8221;59477&#8243; img_size=&#8221;full&#8221;][\/vc_column][vc_column width=&#8221;1\/2&#8243; offset=&#8221;vc_hidden-md vc_hidden-sm vc_hidden-xs&#8221;][vc_column_text]<\/p>\n<h3 style=\"color: #2354a2; text-align: left;\">The cover design makes an impression<\/h3>\n<p>[\/vc_column_text][vc_separator color=&#8221;custom&#8221; align=&#8221;align_left&#8221; border_width=&#8221;3&#8243; el_width=&#8221;30&#8243; accent_color=&#8221;#2354a2&#8243; css=&#8221;.vc_custom_1542273573324{margin-top: -20px !important;}&#8221;][vc_column_text]The books are judged first by there covers. A dignified hard cover book just stands out a little more. An attractively designed cover can improve sales.<\/p>\n<p>We can bring your high-flying ideas to life with different binding material and post-production. Some are intended to improve durability (like laminating or lacquering), others are purely aesthetic (like foil or embossed printing).<\/p>\n<p>There are many, many options, and usually, the only limits are the designer\u2019s imagination. Tell us your ideas, and we will find a solution together that really works.<\/p>\n<p>A hard cover book can either have a flat or round spine, according to the client&#8217;s preference.[\/vc_column_text][\/vc_column][\/vc_row][vc_row gap=&#8221;35&#8243; equal_height=&#8221;yes&#8221; content_placement=&#8221;middle&#8221; css=&#8221;.vc_custom_1543912356122{padding-bottom: 15px !important;}&#8221;][vc_column width=&#8221;1\/2&#8243; offset=&#8221;vc_hidden-lg&#8221;][vc_empty_space el_class=&#8221;hide-desktop&#8221; css=&#8221;.vc_custom_1545402931335{margin-bottom: -150px !important;}&#8221;][vc_column_text]<\/p>\n<h3 style=\"color: #2354a2; text-align: left;\">Kaane kujundus loob mulje<\/h3>\n<p>[\/vc_column_text][vc_separator color=&#8221;custom&#8221; align=&#8221;align_left&#8221; border_width=&#8221;3&#8243; el_width=&#8221;30&#8243; accent_color=&#8221;#2354a2&#8243; css=&#8221;.vc_custom_1542273573324{margin-top: -20px !important;}&#8221;][vc_column_text]Poeriiulil seisvaid raamatud hinnatakse esmalt kaante j\u00e4rgi. V\u00e4\u00e4rikate k\u00f5vade kaantega raamat paistab lihtsalt paremini silma. Atraktiivselt kujundatud kaas aitab kaasa m\u00fc\u00fcgiedule.<\/p>\n<p>Teie lennukaid ideid teostame erinevate kaanekattematerjalide ja j\u00e4relt\u00f6\u00f6tluse abil. Kui m\u00f5ni neist on m\u00f5eldud vastupidavuse t\u00f5stmiseks (n\u00e4iteks lamineerimine v\u00f5i lakkimine), siis teine pakub puhtalt vaid silmailu (n\u00e4iteks foolio- v\u00f5i surutr\u00fckk).<\/p>\n<p>V\u00f5imalusi on v\u00e4ga palju, ja sageli on piiriks vaid disaineri loovus. R\u00e4\u00e4kige meile oma ideest ning leiame koos lahenduse, mis ka reaalselt toimib.<\/p>\n<p>K\u00f5vakaaneline raamat saab olla kumera- v\u00f5i sirge seljaga, vastavalt kliendi soovile.[\/vc_column_text][\/vc_column][vc_column width=&#8221;1\/2&#8243; css=&#8221;.vc_custom_1545402745081{background-position: center !important;background-repeat: no-repeat !important;background-size: contain !important;}&#8221; offset=&#8221;vc_hidden-lg&#8221;][vc_empty_space el_class=&#8221;hide-desktop&#8221; css=&#8221;.vc_custom_1545916572514{margin-bottom: -80px !important;}&#8221;][vc_single_image image=&#8221;55008&#8243; img_size=&#8221;full&#8221;][vc_empty_space el_class=&#8221;hide-desktop&#8221;][\/vc_column][\/vc_row][vc_row gap=&#8221;35&#8243; content_placement=&#8221;middle&#8221; css=&#8221;.vc_custom_1543912298154{padding-bottom: 50px !important;}&#8221;][vc_column width=&#8221;1\/2&#8243; css=&#8221;.vc_custom_1530542422736{margin-top: 0px !important;border-top-width: 0px !important;padding-top: 50px !important;}&#8221;][vc_empty_space el_class=&#8221;hide-desktop&#8221; css=&#8221;.vc_custom_1545402931335{margin-bottom: -150px !important;}&#8221;][vc_column_text]<\/p>\n<h3 style=\"color: #2354a2; text-align: left;\">Bindings<\/h3>\n<p>[\/vc_column_text][vc_separator color=&#8221;custom&#8221; align=&#8221;align_left&#8221; border_width=&#8221;3&#8243; el_width=&#8221;30&#8243; accent_color=&#8221;#2354a2&#8243; css=&#8221;.vc_custom_1538120243828{margin-top: -20px !important;}&#8221;][vc_column_text]With a printed and laminated dust jacket; cloth, vinyl material or special paper cover; \u201ehalf-French\u201c binding.[\/vc_column_text]<div class=\"standard-arrow list-divider bullet-top\"><ul>\n<li>Format options: from 100\u00d7126 mm to 290\u00d7359 mm (width x height)<\/li>\n<li>Thickness can be between 2 and 80 mm.<\/li>\n<li>Interior paper: uncoated 60 g\/m<sup>2<\/sup> -170 g\/m<sup>2<\/sup>, coated papers 70 g\/m<sup>2<\/sup> &#8211; 200 g\/m<sup>2<\/sup>.<\/li>\n<li>Cover cardboard thickness 1,0\u20133,0 mm.<\/li>\n<li>Covers can be sheathed in a\u00a0coated or uncoated paper, uncoated specialty papers (Geltex, Efalin, Wibalin), cloth or vinyl materials.<\/li>\n<li>Coated paper with printing is covered with a laminate. The lamination can be glossy, matte, scratch-resistant matte, satin, and textured.<\/li>\n<li>Post-production: Foil printing, UV partial lacquer, UV-full lacquer, water-based lacquer, lamination, embossing, silk printing, stamping, cut-outs, stickers, bookmark, printed or unprinted endpapers, round or straight spine, capital ribbon starting at 5 mm, packaging in a\u00a0magazine or thermal wrap.<\/li>\n<\/ul>\n<\/div>[\/vc_column][vc_column width=&#8221;1\/2&#8243; css=&#8221;.vc_custom_1542273475138{background-position: center !important;background-repeat: no-repeat !important;background-size: contain !important;}&#8221;][vc_single_image image=&#8221;59481&#8243; img_size=&#8221;full&#8221; alignment=&#8221;center&#8221;][\/vc_column][\/vc_row][vc_row bg_type=&#8221;bg_color&#8221; bg_override=&#8221;ex-full&#8221; css=&#8221;.vc_custom_1538126773520{margin-top: 0px !important;margin-bottom: 0px !important;border-bottom-width: 0px !important;padding-top: 40px !important;padding-bottom: 0px !important;background-color: #f2f2f2 !important;}&#8221; bg_color_value=&#8221;#f2f2f2&#8243;][vc_column][vc_icon icon_fontawesome=&#8221;fa fa-book&#8221; color=&#8221;custom&#8221; background_style=&#8221;rounded&#8221; background_color=&#8221;white&#8221; align=&#8221;center&#8221; custom_color=&#8221;#2354a2&#8243;][vc_column_text css=&#8221;.vc_custom_1547120843366{margin-top: -25px !important;}&#8221;]<\/p>\n<h3 style=\"text-align: center;\">Strong binding &#8211; a book\u2019s backbone<\/h3>\n<p>[\/vc_column_text][vc_column_text]<\/p>\n<p style=\"text-align: center;\">A well-bound book can last for centuries. When binding hard cover books, we use solutions that have proven their durability over many years.<\/p>\n<p>[\/vc_column_text][vc_row_inner][vc_column_inner width=&#8221;1\/2&#8243;][vc_column_text]<\/p>\n<ul>\n<li><strong>Stitched hard covered half-French binding<\/strong> \u2013 this type of cover is combined from two different materials. The binding method lends additional elegance.<\/li>\n<li><strong>Stitched hard covered binding with printed cover<\/strong> \u2013 by sheathing the printed cover in a protective laminate, the book becomes more resistant to wear and gains a longer lifespan. When the protective laminate is left off, the book feels more rustic and nature-friendly.<\/li>\n<\/ul>\n<p>[\/vc_column_text][\/vc_column_inner][vc_column_inner width=&#8221;1\/2&#8243;][vc_empty_space el_class=&#8221;hide-desktop&#8221; css=&#8221;.vc_custom_1545403485049{margin-bottom: -60px !important;}&#8221;][vc_column_text]<\/p>\n<ul>\n<li><strong>Stitched hard covered binding with a cloth cover<\/strong> \u2013 not really an everyday approach, but does give the book a timeless quality. If needed, the book can also be enveloped with cover paper.<\/li>\n<\/ul>\n<p>[\/vc_column_text][\/vc_column_inner][\/vc_row_inner][\/vc_column][\/vc_row][vc_row][vc_column width=&#8221;1\/4&#8243;][\/vc_column][vc_column width=&#8221;1\/2&#8243;][vc_column_text]<\/p>\n<h3 style=\"color: #2354a2; text-align: center;\">Some good examples<\/h3>\n<p>[\/vc_column_text][vc_separator color=&#8221;blue&#8221; border_width=&#8221;3&#8243; el_width=&#8221;30&#8243; css=&#8221;.vc_custom_1547730071498{margin-top: -20px !important;}&#8221;][\/vc_column][vc_column width=&#8221;1\/4&#8243;][\/vc_column][\/vc_row][vc_row gap=&#8221;35&#8243; content_placement=&#8221;middle&#8221;][vc_column width=&#8221;1\/6&#8243;][\/vc_column][vc_column width=&#8221;2\/6&#8243;][vc_empty_space height=&#8221;1px&#8221; el_class=&#8221;hide-desktop&#8221; css=&#8221;.vc_custom_1545917437753{margin-top: -20% !important;}&#8221;][vc_single_image image=&#8221;53622&#8243; img_size=&#8221;medium&#8221; alignment=&#8221;center&#8221;][\/vc_column][vc_column width=&#8221;2\/6&#8243;][vc_empty_space height=&#8221;1px&#8221; el_class=&#8221;hide-desktop&#8221; css=&#8221;.vc_custom_1547729576741{margin-top: -30px !important;}&#8221;][vc_column_text]<strong>A dust jacket printed on coated paper<\/strong>, laminated as a rule.<\/p>\n<p>Specialized solutions are also possible \u2013 covers printed on strong uncoated specialty papers (Geltex, Efalin, and Wibalin) which do not require lamination. UV-partial lacquer, foil printing, stamp- or blind printing.[\/vc_column_text][\/vc_column][vc_column width=&#8221;1\/6&#8243;][\/vc_column][\/vc_row][vc_row el_class=&#8221;hide-mobile&#8221;][vc_column][vc_empty_space][\/vc_column][\/vc_row][vc_row gap=&#8221;35&#8243; content_placement=&#8221;middle&#8221;][vc_column width=&#8221;1\/6&#8243;][\/vc_column][vc_column width=&#8221;2\/6&#8243;][vc_empty_space height=&#8221;1px&#8221; el_class=&#8221;hide-desktop&#8221; css=&#8221;.vc_custom_1547729621217{margin-top: -120px !important;}&#8221;][vc_single_image image=&#8221;54657&#8243; img_size=&#8221;medium&#8221; alignment=&#8221;center&#8221; el_class=&#8221;hide-desktop&#8221;][vc_column_text]<strong>With a cover sheathed in the\u00a0binding material<\/strong>, a book can have foil printing, embossing, or silk printing.[\/vc_column_text][\/vc_column][vc_column width=&#8221;2\/6&#8243; offset=&#8221;vc_hidden-md vc_hidden-sm vc_hidden-xs&#8221;][vc_single_image image=&#8221;54657&#8243; img_size=&#8221;medium&#8221; alignment=&#8221;center&#8221; el_class=&#8221;hide-mobile&#8221;][\/vc_column][vc_column width=&#8221;1\/6&#8243;][\/vc_column][\/vc_row][vc_row el_class=&#8221;hide-mobile&#8221;][vc_column][vc_empty_space][\/vc_column][\/vc_row][vc_row gap=&#8221;35&#8243; content_placement=&#8221;middle&#8221;][vc_column width=&#8221;1\/6&#8243;][\/vc_column][vc_column width=&#8221;2\/6&#8243;][vc_empty_space el_class=&#8221;hide-desktop&#8221; css=&#8221;.vc_custom_1545402931335{margin-bottom: -150px !important;}&#8221;][vc_single_image image=&#8221;54395&#8243; img_size=&#8221;medium&#8221; alignment=&#8221;center&#8221;][\/vc_column][vc_column width=&#8221;2\/6&#8243;][vc_empty_space height=&#8221;1px&#8221; el_class=&#8221;hide-desktop&#8221; css=&#8221;.vc_custom_1545918410375{margin-top: -40px !important;}&#8221;][vc_column_text]<strong>A combined cover<\/strong> can use several different materials.[\/vc_column_text][\/vc_column][vc_column width=&#8221;1\/6&#8243;][\/vc_column][\/vc_row][vc_row][vc_column][vc_empty_space][\/vc_column][\/vc_row][vc_row gap=&#8221;35&#8243; content_placement=&#8221;middle&#8221;][vc_column width=&#8221;1\/6&#8243;][\/vc_column][vc_column width=&#8221;2\/6&#8243;][vc_empty_space height=&#8221;1px&#8221; el_class=&#8221;hide-desktop&#8221; css=&#8221;.vc_custom_1545918542101{margin-top: -150px !important;}&#8221;][vc_single_image image=&#8221;54493&#8243; img_size=&#8221;medium&#8221; alignment=&#8221;center&#8221; el_class=&#8221;hide-desktop&#8221;][vc_column_text]<strong>Dust jacket<\/strong> \u2013 an interesting design element that also protects the cover from wear and dust. The dust jacket may also be strikingly designed with both the choice of material as well as different printing techniques (incl. blind, folio, and silk printing) and with cut-outs, for instance.[\/vc_column_text][\/vc_column][vc_column width=&#8221;2\/6&#8243; offset=&#8221;vc_hidden-md vc_hidden-sm vc_hidden-xs&#8221;][vc_single_image image=&#8221;54493&#8243; img_size=&#8221;medium&#8221; alignment=&#8221;center&#8221;][\/vc_column][vc_column width=&#8221;1\/6&#8243;][\/vc_column][\/vc_row][vc_row][vc_column][vc_empty_space][\/vc_column][\/vc_row][vc_row equal_height=&#8221;yes&#8221; content_placement=&#8221;middle&#8221;][vc_column width=&#8221;1\/6&#8243;][\/vc_column][vc_column width=&#8221;2\/6&#8243;][vc_empty_space height=&#8221;1px&#8221; el_class=&#8221;hide-desktop&#8221; css=&#8221;.vc_custom_1545918815682{margin-top: -80px !important;}&#8221;][vc_single_image image=&#8221;54401&#8243; img_size=&#8221;medium&#8221; alignment=&#8221;center&#8221;][\/vc_column][vc_column width=&#8221;2\/6&#8243;][vc_column_text]<strong>Endpapers<\/strong> \u2013 pages that are glued to the inside of the front and back covers which join the book\u2019s contents to the cover and are themselves a sort of frame for the content of the book.[\/vc_column_text][\/vc_column][vc_column width=&#8221;1\/6&#8243;][\/vc_column][\/vc_row][vc_row][vc_column][vc_empty_space height=&#8221;64px&#8221;][vc_empty_space height=&#8221;64px&#8221;][vc_empty_space height=&#8221;1px&#8221; el_class=&#8221;hide-desktop&#8221; css=&#8221;.vc_custom_1545918815682{margin-top: -80px !important;}&#8221;][vc_column_text]<\/p>\n<p style=\"font-size: 18px; text-align: center;\">Read some more about <a href=\"https:\/\/trt.ee\/en\/soft-cover\/\">paperback<\/a> books and <a href=\"https:\/\/trt.ee\/en\/muud-trukised\/\">other publications<\/a>.<\/p>\n<p>[\/vc_column_text][vc_empty_space height=&#8221;1px&#8221; el_class=&#8221;hide-desktop&#8221; css=&#8221;.vc_custom_1545918815682{margin-top: -80px !important;}&#8221;][vc_empty_space height=&#8221;64px&#8221;][\/vc_column][\/vc_row][vc_row bg_type=&#8221;image&#8221; bg_override=&#8221;ex-full&#8221; css=&#8221;.vc_custom_1572344476279{margin-top: 100px !important;padding-top: 20px !important;padding-bottom: 20px !important;background-image: url(https:\/\/trt.ee\/wp-content\/uploads\/2019\/10\/joao-min.jpg?id=59485) !important;background-position: center !important;background-repeat: no-repeat !important;background-size: cover !important;}&#8221;][vc_column][vc_empty_space height=&#8221;1px&#8221;][vc_column_text]<\/p>\n<h3 style=\"color: #ffffff; text-align: center;\">What kind of post-processing do we offer?<\/h3>\n<p>[\/vc_column_text][vc_separator color=&#8221;custom&#8221; border_width=&#8221;3&#8243; el_width=&#8221;10&#8243; accent_color=&#8221;#ffffff&#8221; css=&#8221;.vc_custom_1542273713056{margin-top: -20px !important;}&#8221;][vc_btn title=&#8221;Read more&#8221; style=&#8221;custom&#8221; custom_background=&#8221;#2354a2&#8243; custom_text=&#8221;#ffffff&#8221; shape=&#8221;square&#8221; size=&#8221;lg&#8221; align=&#8221;center&#8221; el_id=&#8221;botonprincipal&#8221; el_class=&#8221;botonprincipal&#8221; link=&#8221;url:https%3A%2F%2Ftrt.ee%2Fen%2Fjareltootlus%2F|||&#8221;][\/vc_column][\/vc_row]<\/p>\n<\/div>","protected":false},"excerpt":{"rendered":"<p>[vc_row bg_type=&#8221;image&#8221; bg_override=&#8221;ex-full&#8221; css=&#8221;.vc_custom_1572345029311{margin-top: -100px !important;background-image: url(https:\/\/trt.ee\/wp-content\/uploads\/2018\/07\/portada1.png?id=53167) !important;}&#8221;][vc_column][vc_column_text css=&#8221;.vc_custom_1547208909314{padding-top: 120px !important;padding-bottom: 90px !important;}&#8221;] Hard cover &#8211; Case bound [\/vc_column_text][\/vc_column][\/vc_row][vc_row gap=&#8221;35&#8243; content_placement=&#8221;middle&#8221; css=&#8221;.vc_custom_1545402674788{padding-bottom: 50px !important;}&#8221;][vc_column width=&#8221;1\/2&#8243; css=&#8221;.vc_custom_1545402664757{margin-top: 0px !important;border-top-width: 0px !important;}&#8221;][vc_column_text] Hard cover &#8211; Case bound [\/vc_column_text][vc_separator color=&#8221;custom&#8221; align=&#8221;align_left&#8221; border_width=&#8221;3&#8243; el_width=&#8221;30&#8243; accent_color=&#8221;#2354a2&#8243; css=&#8221;.vc_custom_1538120243828{margin-top: -20px !important;}&#8221;][vc_column_text]As a rule, the material one finds between the covers of a&hellip;<\/p>\n","protected":false},"author":10,"featured_media":0,"parent":0,"menu_order":0,"comment_status":"closed","ping_status":"closed","template":"","meta":{"_monsterinsights_skip_tracking":false,"_monsterinsights_sitenote_active":false,"_monsterinsights_sitenote_note":"","_monsterinsights_sitenote_category":0,"footnotes":""},"class_list":["post-55407","page","type-page","status-publish","hentry","description-off"],"yoast_head":"<!-- This site is optimized with the Yoast SEO plugin v25.5 - https:\/\/yoast.com\/wordpress\/plugins\/seo\/ -->\n<title>Hard cover books - Tallinn Book Printers<\/title>\n<meta name=\"description\" content=\"A well-bound book can last for centuries. When binding hard cover books, we use solutions that have proven their durability over many years. Read more!\" \/>\n<meta name=\"robots\" content=\"index, follow, max-snippet:-1, max-image-preview:large, max-video-preview:-1\" \/>\n<link rel=\"canonical\" href=\"https:\/\/www.trt.ee\/en\/hard-cover\/\" \/>\n<meta property=\"og:locale\" content=\"en_US\" \/>\n<meta property=\"og:type\" content=\"article\" \/>\n<meta property=\"og:title\" content=\"Hard cover books - Tallinn Book Printers\" \/>\n<meta property=\"og:description\" content=\"A well-bound book can last for centuries. When binding hard cover books, we use solutions that have proven their durability over many years. Read more!\" \/>\n<meta property=\"og:url\" content=\"https:\/\/www.trt.ee\/en\/hard-cover\/\" \/>\n<meta property=\"og:site_name\" content=\"Tallinna Raamatutr\u00fckikoda\" \/>\n<meta property=\"article:modified_time\" content=\"2019-10-29T10:31:07+00:00\" \/>\n<meta name=\"twitter:card\" content=\"summary_large_image\" \/>\n<meta name=\"twitter:label1\" content=\"Est. reading time\" \/>\n\t<meta name=\"twitter:data1\" content=\"10 minutes\" \/>\n<script type=\"application\/ld+json\" class=\"yoast-schema-graph\">{\"@context\":\"https:\/\/schema.org\",\"@graph\":[{\"@type\":\"WebPage\",\"@id\":\"https:\/\/www.trt.ee\/en\/hard-cover\/\",\"url\":\"https:\/\/www.trt.ee\/en\/hard-cover\/\",\"name\":\"Hard cover books - Tallinn Book Printers\",\"isPartOf\":{\"@id\":\"https:\/\/www.trt.ee\/#website\"},\"datePublished\":\"2018-09-28T09:38:52+00:00\",\"dateModified\":\"2019-10-29T10:31:07+00:00\",\"description\":\"A well-bound book can last for centuries. When binding hard cover books, we use solutions that have proven their durability over many years. Read more!\",\"breadcrumb\":{\"@id\":\"https:\/\/www.trt.ee\/en\/hard-cover\/#breadcrumb\"},\"inLanguage\":\"en-US\",\"potentialAction\":[{\"@type\":\"ReadAction\",\"target\":[\"https:\/\/www.trt.ee\/en\/hard-cover\/\"]}]},{\"@type\":\"BreadcrumbList\",\"@id\":\"https:\/\/www.trt.ee\/en\/hard-cover\/#breadcrumb\",\"itemListElement\":[{\"@type\":\"ListItem\",\"position\":1,\"name\":\"Home\",\"item\":\"https:\/\/www.trt.ee\/en\/\"},{\"@type\":\"ListItem\",\"position\":2,\"name\":\"Hard cover\"}]},{\"@type\":\"WebSite\",\"@id\":\"https:\/\/www.trt.ee\/#website\",\"url\":\"https:\/\/www.trt.ee\/\",\"name\":\"Tallinna Raamatutr\u00fckikoda\",\"description\":\"\",\"potentialAction\":[{\"@type\":\"SearchAction\",\"target\":{\"@type\":\"EntryPoint\",\"urlTemplate\":\"https:\/\/www.trt.ee\/?s={search_term_string}\"},\"query-input\":{\"@type\":\"PropertyValueSpecification\",\"valueRequired\":true,\"valueName\":\"search_term_string\"}}],\"inLanguage\":\"en-US\"}]}<\/script>\n<!-- \/ Yoast SEO plugin. -->","yoast_head_json":{"title":"Hard cover books - Tallinn Book Printers","description":"A well-bound book can last for centuries. When binding hard cover books, we use solutions that have proven their durability over many years. Read more!","robots":{"index":"index","follow":"follow","max-snippet":"max-snippet:-1","max-image-preview":"max-image-preview:large","max-video-preview":"max-video-preview:-1"},"canonical":"https:\/\/www.trt.ee\/en\/hard-cover\/","og_locale":"en_US","og_type":"article","og_title":"Hard cover books - Tallinn Book Printers","og_description":"A well-bound book can last for centuries. When binding hard cover books, we use solutions that have proven their durability over many years. Read more!","og_url":"https:\/\/www.trt.ee\/en\/hard-cover\/","og_site_name":"Tallinna Raamatutr\u00fckikoda","article_modified_time":"2019-10-29T10:31:07+00:00","twitter_card":"summary_large_image","twitter_misc":{"Est. reading time":"10 minutes"},"schema":{"@context":"https:\/\/schema.org","@graph":[{"@type":"WebPage","@id":"https:\/\/www.trt.ee\/en\/hard-cover\/","url":"https:\/\/www.trt.ee\/en\/hard-cover\/","name":"Hard cover books - Tallinn Book Printers","isPartOf":{"@id":"https:\/\/www.trt.ee\/#website"},"datePublished":"2018-09-28T09:38:52+00:00","dateModified":"2019-10-29T10:31:07+00:00","description":"A well-bound book can last for centuries. When binding hard cover books, we use solutions that have proven their durability over many years. Read more!","breadcrumb":{"@id":"https:\/\/www.trt.ee\/en\/hard-cover\/#breadcrumb"},"inLanguage":"en-US","potentialAction":[{"@type":"ReadAction","target":["https:\/\/www.trt.ee\/en\/hard-cover\/"]}]},{"@type":"BreadcrumbList","@id":"https:\/\/www.trt.ee\/en\/hard-cover\/#breadcrumb","itemListElement":[{"@type":"ListItem","position":1,"name":"Home","item":"https:\/\/www.trt.ee\/en\/"},{"@type":"ListItem","position":2,"name":"Hard cover"}]},{"@type":"WebSite","@id":"https:\/\/www.trt.ee\/#website","url":"https:\/\/www.trt.ee\/","name":"Tallinna Raamatutr\u00fckikoda","description":"","potentialAction":[{"@type":"SearchAction","target":{"@type":"EntryPoint","urlTemplate":"https:\/\/www.trt.ee\/?s={search_term_string}"},"query-input":{"@type":"PropertyValueSpecification","valueRequired":true,"valueName":"search_term_string"}}],"inLanguage":"en-US"}]}},"_links":{"self":[{"href":"https:\/\/www.trt.ee\/en\/wp-json\/wp\/v2\/pages\/55407","targetHints":{"allow":["GET"]}}],"collection":[{"href":"https:\/\/www.trt.ee\/en\/wp-json\/wp\/v2\/pages"}],"about":[{"href":"https:\/\/www.trt.ee\/en\/wp-json\/wp\/v2\/types\/page"}],"author":[{"embeddable":true,"href":"https:\/\/www.trt.ee\/en\/wp-json\/wp\/v2\/users\/10"}],"replies":[{"embeddable":true,"href":"https:\/\/www.trt.ee\/en\/wp-json\/wp\/v2\/comments?post=55407"}],"version-history":[{"count":21,"href":"https:\/\/www.trt.ee\/en\/wp-json\/wp\/v2\/pages\/55407\/revisions"}],"predecessor-version":[{"id":59498,"href":"https:\/\/www.trt.ee\/en\/wp-json\/wp\/v2\/pages\/55407\/revisions\/59498"}],"wp:attachment":[{"href":"https:\/\/www.trt.ee\/en\/wp-json\/wp\/v2\/media?parent=55407"}],"curies":[{"name":"wp","href":"https:\/\/api.w.org\/{rel}","templated":true}]}}