{"id":58698,"date":"2018-09-28T09:38:52","date_gmt":"2018-09-28T09:38:52","guid":{"rendered":"https:\/\/trt.ee\/kovakaanelised-raamatud\/"},"modified":"2019-10-29T10:43:37","modified_gmt":"2019-10-29T10:43:37","slug":"kovakantiset-kirjat","status":"publish","type":"page","link":"https:\/\/www.trt.ee\/fi\/kovakantiset-kirjat\/","title":{"rendered":"Kovakantiset kirjat"},"content":{"rendered":"<div class=\"wpb-content-wrapper\"><p>[vc_row bg_type=&#8221;image&#8221; bg_override=&#8221;ex-full&#8221; css=&#8221;.vc_custom_1572345647391{margin-top: -100px !important;background-image: url(https:\/\/trt.ee\/wp-content\/uploads\/2019\/10\/pilt.jpg?id=59496) !important;}&#8221;][vc_column][vc_column_text css=&#8221;.vc_custom_1548160483035{padding-top: 120px !important;padding-bottom: 90px !important;}&#8221;]<\/p>\n<h1><span style=\"font-weight: 400; color: #ffffff; font-size: 6vh !important;\">Kovakantiset kirjat<\/span><\/h1>\n<p>[\/vc_column_text][\/vc_column][\/vc_row][vc_row gap=&#8221;35&#8243; content_placement=&#8221;middle&#8221; css=&#8221;.vc_custom_1545402674788{padding-bottom: 50px !important;}&#8221;][vc_column width=&#8221;1\/2&#8243; css=&#8221;.vc_custom_1545402664757{margin-top: 0px !important;border-top-width: 0px !important;}&#8221;][vc_column_text]<\/p>\n<h3 style=\"color: #2354a2; text-align: left;\">Kovakantiset kirjat<\/h3>\n<p>[\/vc_column_text][vc_separator color=&#8221;custom&#8221; align=&#8221;align_left&#8221; border_width=&#8221;3&#8243; el_width=&#8221;30&#8243; accent_color=&#8221;#2354a2&#8243; css=&#8221;.vc_custom_1538120243828{margin-top: -20px !important;}&#8221;][vc_column_text]Kovakantiset kirjat on luotu kest\u00e4m\u00e4\u00e4n sukupolvia. Kovakantisena ei julkaista ainoastaan kirjoja, vaan my\u00f6s aikakausilehti\u00e4, muistokirjoja tai elegantteja taskukalentereita<\/p>\n<p>Kovakantisen kirjan vahvuuksia ovat:[\/vc_column_text]<div class=\"standard-arrow list-divider bullet-top\"><ul>\n<li>kest\u00e4vyys<\/li>\n<li>arvokkuus<\/li>\n<li>n\u00e4ytt\u00e4vyys<\/li>\n<\/ul>\n<\/div>[\/vc_column][vc_column width=&#8221;1\/2&#8243; css=&#8221;.vc_custom_1545402668629{background-position: center !important;background-repeat: no-repeat !important;background-size: contain !important;}&#8221;][vc_single_image image=&#8221;53789&#8243; img_size=&#8221;full&#8221; alignment=&#8221;center&#8221;][\/vc_column][\/vc_row][vc_row gap=&#8221;35&#8243; equal_height=&#8221;yes&#8221; content_placement=&#8221;middle&#8221; css=&#8221;.vc_custom_1543912356122{padding-bottom: 15px !important;}&#8221;][vc_column width=&#8221;1\/2&#8243; css=&#8221;.vc_custom_1545402791956{background-position: center !important;background-repeat: no-repeat !important;background-size: contain !important;}&#8221; offset=&#8221;vc_hidden-md vc_hidden-sm vc_hidden-xs&#8221;][vc_single_image image=&#8221;59478&#8243; img_size=&#8221;full&#8221;][\/vc_column][vc_column width=&#8221;1\/2&#8243; offset=&#8221;vc_hidden-md vc_hidden-sm vc_hidden-xs&#8221;][vc_column_text]<\/p>\n<h3 style=\"color: #2354a2; text-align: left;\">Kirjan kansi luo ensivaikutelman<\/h3>\n<p>[\/vc_column_text][vc_separator color=&#8221;custom&#8221; align=&#8221;align_left&#8221; border_width=&#8221;3&#8243; el_width=&#8221;30&#8243; accent_color=&#8221;#2354a2&#8243; css=&#8221;.vc_custom_1542273573324{margin-top: -20px !important;}&#8221;][vc_column_text]Kaupan hyllyilt\u00e4 l\u00f6ytyvi\u00e4 kirjoja arvostellaan ensisijaisesti kannen perusteella. On tunnettu tosiasia, ett\u00e4 arvokas kovakantinen kirja huomataan paremmin. Kiinnostava kansi auttaa kirjan myynniss\u00e4.<\/p>\n<p>Toteutamme lennokkaat ideasi erilaisten kansimateriaalien ja j\u00e4lkik\u00e4sittelyn avulla. Tietyt ratkaisut lis\u00e4\u00e4v\u00e4t kest\u00e4vyytt\u00e4 (esimerkiksi laminointi tai lakkaus), toiset taas auttavat luomaan kauniimman ulkoasun (esimerkiksi foliointi tai preeglaus).<\/p>\n<p>Mahdollisuuksia on paljon ja vain suunnittelijan luovuus on rajana. Esit\u00e4 meille ideasi ja l\u00f6yd\u00e4mme yhdess\u00e4 k\u00e4yt\u00e4nn\u00f6ss\u00e4 toimivan ratkaisun.<\/p>\n<p>Kovakantisella kirjalla voi olla py\u00f6ristetty tai suora selk\u00e4, asiakkaan toiveiden mukaan.[\/vc_column_text][\/vc_column][\/vc_row][vc_row gap=&#8221;35&#8243; equal_height=&#8221;yes&#8221; content_placement=&#8221;middle&#8221; css=&#8221;.vc_custom_1543912356122{padding-bottom: 15px !important;}&#8221;][vc_column width=&#8221;1\/2&#8243; offset=&#8221;vc_hidden-lg&#8221;][vc_empty_space el_class=&#8221;hide-desktop&#8221; css=&#8221;.vc_custom_1545402931335{margin-bottom: -150px !important;}&#8221;][vc_column_text]<\/p>\n<h3 style=\"color: #2354a2; text-align: left;\">Kaane kujundus loob mulje<\/h3>\n<p>[\/vc_column_text][vc_separator color=&#8221;custom&#8221; align=&#8221;align_left&#8221; border_width=&#8221;3&#8243; el_width=&#8221;30&#8243; accent_color=&#8221;#2354a2&#8243; css=&#8221;.vc_custom_1542273573324{margin-top: -20px !important;}&#8221;][vc_column_text]Poeriiulil seisvaid raamatud hinnatakse esmalt kaante j\u00e4rgi. V\u00e4\u00e4rikate k\u00f5vade kaantega raamat paistab lihtsalt paremini silma. Atraktiivselt kujundatud kaas aitab kaasa m\u00fc\u00fcgiedule.<\/p>\n<p>Teie lennukaid ideid teostame erinevate kaanekattematerjalide ja j\u00e4relt\u00f6\u00f6tluse abil. Kui m\u00f5ni neist on m\u00f5eldud vastupidavuse t\u00f5stmiseks (n\u00e4iteks lamineerimine v\u00f5i lakkimine), siis teine pakub puhtalt vaid silmailu (n\u00e4iteks foolio- v\u00f5i surutr\u00fckk).<\/p>\n<p>V\u00f5imalusi on v\u00e4ga palju, ja sageli on piiriks vaid disaineri loovus. R\u00e4\u00e4kige meile oma ideest ning leiame koos lahenduse, mis ka reaalselt toimib.<\/p>\n<p>K\u00f5vakaaneline raamat saab olla kumera- v\u00f5i sirge seljaga, vastavalt kliendi soovile.[\/vc_column_text][\/vc_column][vc_column width=&#8221;1\/2&#8243; css=&#8221;.vc_custom_1545402745081{background-position: center !important;background-repeat: no-repeat !important;background-size: contain !important;}&#8221; offset=&#8221;vc_hidden-lg&#8221;][vc_empty_space el_class=&#8221;hide-desktop&#8221; css=&#8221;.vc_custom_1545916572514{margin-bottom: -80px !important;}&#8221;][vc_single_image image=&#8221;55008&#8243; img_size=&#8221;full&#8221;][vc_empty_space el_class=&#8221;hide-desktop&#8221;][\/vc_column][\/vc_row][vc_row gap=&#8221;35&#8243; content_placement=&#8221;middle&#8221; css=&#8221;.vc_custom_1543912298154{padding-bottom: 50px !important;}&#8221;][vc_column width=&#8221;1\/2&#8243; css=&#8221;.vc_custom_1530542422736{margin-top: 0px !important;border-top-width: 0px !important;padding-top: 50px !important;}&#8221;][vc_empty_space el_class=&#8221;hide-desktop&#8221; css=&#8221;.vc_custom_1545402931335{margin-bottom: -150px !important;}&#8221;][vc_column_text]<\/p>\n<h3 style=\"color: #2354a2; text-align: left;\">Sidonta<\/h3>\n<p>[\/vc_column_text][vc_separator color=&#8221;custom&#8221; align=&#8221;align_left&#8221; border_width=&#8221;3&#8243; el_width=&#8221;30&#8243; accent_color=&#8221;#2354a2&#8243; css=&#8221;.vc_custom_1538120243828{margin-top: -20px !important;}&#8221;][vc_column_text]Painettu ja laminoitu kansi, nahkakannet, pp-materiaalit tai erikoispaperikannet, ns. puoliranskalainen sidonta.[\/vc_column_text]<div class=\"standard-arrow list-divider bullet-top\"><ul>\n<li>Formaatit: pienin koko 100\u00d7126 mm, suurin koko 290\u00d7359 mm (leveys x korkeus).<\/li>\n<li>Kirjan tai esitteen paksuus 2-80 mm.<\/li>\n<li>Sis\u00e4sivut: p\u00e4\u00e4llyst\u00e4m\u00e4t\u00f6n paperi 60-170 g\/m2, p\u00e4\u00e4llystetty paperi 70-200 g\/m2.<\/li>\n<li>Kansipahvin paksuus 1,0-3,0 mm.<\/li>\n<li>Kansimateriaalina voidaan k\u00e4ytt\u00e4\u00e4 joko p\u00e4\u00e4llyst\u00e4m\u00e4t\u00f6nt\u00e4 tai p\u00e4\u00e4llystetty\u00e4 paperia, erikoispapereita (Geltex, Efalin, Wibalin), nahkaa tai pp-materiaaleja.<\/li>\n<li>Painettu ja p\u00e4\u00e4llystetty paperi laminoidaan. Laminointi voi olla kirkas, matta, kest\u00e4v\u00e4 matta, samettinen tai kohokuvioitu.<\/li>\n<li>J\u00e4lkik\u00e4sittely: foliointi, UV-kohdelakkaus, vesilakkaus, laminointi, korkopainanta, silkkipainanta, stanssaus, tarroitus, kirjanmerkkinauha, painetut tai painamattomat esilehdet, py\u00f6ristetty tai suora selk\u00e4, kapiteelinauhat alkaen 5mm, irrallinen p\u00e4\u00e4llyspaperi, termo- tai suojamuoviin pakkaus<\/li>\n<\/ul>\n<\/div>[\/vc_column][vc_column width=&#8221;1\/2&#8243; css=&#8221;.vc_custom_1542273475138{background-position: center !important;background-repeat: no-repeat !important;background-size: contain !important;}&#8221;][vc_single_image image=&#8221;59482&#8243; img_size=&#8221;full&#8221; alignment=&#8221;center&#8221;][\/vc_column][\/vc_row][vc_row bg_type=&#8221;bg_color&#8221; bg_override=&#8221;ex-full&#8221; css=&#8221;.vc_custom_1538126773520{margin-top: 0px !important;margin-bottom: 0px !important;border-bottom-width: 0px !important;padding-top: 40px !important;padding-bottom: 0px !important;background-color: #f2f2f2 !important;}&#8221; bg_color_value=&#8221;#f2f2f2&#8243;][vc_column][vc_icon icon_fontawesome=&#8221;fa fa-book&#8221; color=&#8221;custom&#8221; background_style=&#8221;rounded&#8221; background_color=&#8221;white&#8221; align=&#8221;center&#8221; custom_color=&#8221;#2354a2&#8243;][vc_column_text css=&#8221;.vc_custom_1548160691959{margin-top: -25px !important;}&#8221;]<\/p>\n<h3 style=\"text-align: center; color: #464646;\">Luja sidonta \u2013 kirjan selk\u00e4ranka<\/h3>\n<p>[\/vc_column_text][vc_column_text]<\/p>\n<p style=\"text-align: center;\">Hyvin sidottu kirja kest\u00e4\u00e4 vuosisatoja. Kovakantisissa kirjoissa k\u00e4ytt\u00e4m\u00e4mme ratkaisut ovat todistaneet kest\u00e4vyytens\u00e4 k\u00e4yt\u00f6ss\u00e4.<\/p>\n<p>[\/vc_column_text][vc_row_inner][vc_column_inner width=&#8221;1\/2&#8243;][vc_column_text]<\/p>\n<ul>\n<li><strong>Ommeltu kovakantinen puoliranskalainen sidos<\/strong> &#8211; kirjan kansi on yhdistelm\u00e4 kahdesta eri kansimateriaalista. Sidonta lis\u00e4\u00e4 kirjan tyylikkyytt\u00e4.<\/li>\n<li><strong>Ommeltu kovakantinen sidos painetulla kannella<\/strong> &#8211; painettu kansi suojaavalla laminoinnilla takaa kirjalle pitk\u00e4n k\u00e4ytt\u00f6i\u00e4n ja kulumattomuuden. Ilman suojalaminointia lopputulos on luonnollisempi ja luontoyst\u00e4v\u00e4llisempi.<\/li>\n<\/ul>\n<p>[\/vc_column_text][\/vc_column_inner][vc_column_inner width=&#8221;1\/2&#8243;][vc_empty_space el_class=&#8221;hide-desktop&#8221; css=&#8221;.vc_custom_1545403485049{margin-bottom: -60px !important;}&#8221;][vc_column_text]<\/p>\n<ul>\n<li><strong>Ommeltu kovakantinen sidos, kannet erikoismateriaalia<\/strong> &#8211; Tarvittaessa kannet p\u00e4\u00e4llystet\u00e4\u00e4n irrotettavalla p\u00e4\u00e4llyspaperilla.<\/li>\n<\/ul>\n<p>[\/vc_column_text][\/vc_column_inner][\/vc_row_inner][\/vc_column][\/vc_row][vc_row][vc_column][vc_column_text]<\/p>\n<h3 style=\"color: #2354a2; text-align: center;\">Muutamia ty\u00f6n\u00e4ytteit\u00e4<\/h3>\n<p>[\/vc_column_text][vc_separator color=&#8221;blue&#8221; border_width=&#8221;3&#8243; el_width=&#8221;10&#8243; css=&#8221;.vc_custom_1547727575098{margin-top: -20px !important;}&#8221;][\/vc_column][\/vc_row][vc_row gap=&#8221;35&#8243; content_placement=&#8221;middle&#8221;][vc_column width=&#8221;1\/6&#8243;][\/vc_column][vc_column width=&#8221;2\/6&#8243;][vc_empty_space height=&#8221;1px&#8221; el_class=&#8221;hide-desktop&#8221; css=&#8221;.vc_custom_1545917437753{margin-top: -20% !important;}&#8221;][vc_single_image image=&#8221;53622&#8243; img_size=&#8221;medium&#8221;][\/vc_column][vc_column width=&#8221;2\/6&#8243;][vc_empty_space height=&#8221;1px&#8221; el_class=&#8221;hide-desktop&#8221; css=&#8221;.vc_custom_1547727893363{margin-top: -40px !important;}&#8221;][vc_column_text]<strong>P\u00e4\u00e4llystetylle paperille painettu kansi<\/strong>, yleens\u00e4 laminoitu.<\/p>\n<p>Mahdollinen erikoisratkaisu: vahvalle p\u00e4\u00e4llyst\u00e4m\u00e4tt\u00f6m\u00e4lle erikoispaperille (Geltex, Efalin, Wibalin) painetut kannet, joita ei tarvitse laminoida. Voidaan lis\u00e4t\u00e4 UV-kohdelakkaus, foliointi, preeglaus.[\/vc_column_text][\/vc_column][vc_column width=&#8221;1\/6&#8243;][\/vc_column][\/vc_row][vc_row el_class=&#8221;hide-mobile&#8221;][vc_column][vc_empty_space][\/vc_column][\/vc_row][vc_row gap=&#8221;35&#8243; content_placement=&#8221;middle&#8221;][vc_column width=&#8221;1\/6&#8243;][\/vc_column][vc_column width=&#8221;2\/6&#8243;][vc_empty_space height=&#8221;1px&#8221; el_class=&#8221;hide-desktop&#8221; css=&#8221;.vc_custom_1547727677569{margin-top: -120px !important;}&#8221;][vc_single_image image=&#8221;54656&#8243; img_size=&#8221;medium&#8221; alignment=&#8221;center&#8221; el_class=&#8221;hide-desktop&#8221;][vc_column_text]<strong>Erikoismateriaaleilla<\/strong> eli nahka tai pp-materiaalilla p\u00e4\u00e4llystetyiss\u00e4 kirjoissa voidaan k\u00e4ytt\u00e4\u00e4 foliointia, korkopainantaa ja silkkipainoa.[\/vc_column_text][\/vc_column][vc_column width=&#8221;2\/6&#8243; offset=&#8221;vc_hidden-md vc_hidden-sm vc_hidden-xs&#8221;][vc_single_image image=&#8221;54656&#8243; img_size=&#8221;medium&#8221; alignment=&#8221;center&#8221; el_id=&#8221;hide-mobile&#8221;][\/vc_column][vc_column width=&#8221;1\/6&#8243;][\/vc_column][\/vc_row][vc_row el_class=&#8221;hide-mobile&#8221;][vc_column][vc_empty_space][\/vc_column][\/vc_row][vc_row gap=&#8221;35&#8243; content_placement=&#8221;middle&#8221;][vc_column width=&#8221;1\/6&#8243;][\/vc_column][vc_column width=&#8221;2\/6&#8243;][vc_empty_space height=&#8221;1px&#8221; el_class=&#8221;hide-desktop&#8221; css=&#8221;.vc_custom_1547727691065{margin-top: -120px !important;}&#8221;][vc_single_image image=&#8221;54395&#8243; img_size=&#8221;medium&#8221; alignment=&#8221;center&#8221;][\/vc_column][vc_column width=&#8221;2\/6&#8243;][vc_empty_space height=&#8221;1px&#8221; el_class=&#8221;hide-desktop&#8221; css=&#8221;.vc_custom_1545918410375{margin-top: -40px !important;}&#8221;][vc_column_text]Kansissa voidaan yhdist\u00e4\u00e4 my\u00f6s erilaisia materiaaleja.[\/vc_column_text][\/vc_column][vc_column width=&#8221;1\/6&#8243;][\/vc_column][\/vc_row][vc_row][vc_column][vc_empty_space][\/vc_column][\/vc_row][vc_row gap=&#8221;35&#8243; content_placement=&#8221;middle&#8221;][vc_column width=&#8221;1\/6&#8243;][\/vc_column][vc_column width=&#8221;2\/6&#8243;][vc_empty_space height=&#8221;1px&#8221; el_class=&#8221;hide-desktop&#8221; css=&#8221;.vc_custom_1545918542101{margin-top: -150px !important;}&#8221;][vc_single_image image=&#8221;54493&#8243; img_size=&#8221;medium&#8221; alignment=&#8221;center&#8221; el_class=&#8221;hide-desktop&#8221;][vc_column_text]<strong>Irrotettava p\u00e4\u00e4llyspaperi<\/strong> &#8211; mielenkiintoinen design-elementti, joka my\u00f6s suojelee kansia kulumiselta ja p\u00f6lylt\u00e4. Kirjalle voidaan antaa omintakeinen ulkoasu p\u00e4\u00e4llyspaperin materiaalin valinnalla ja my\u00f6s erilaisilla painotekniikoilla (my\u00f6s korkopainanta, foliointi ja silkkipaino) sek\u00e4 stanssauksella.[\/vc_column_text][\/vc_column][vc_column width=&#8221;2\/6&#8243; offset=&#8221;vc_hidden-md vc_hidden-sm vc_hidden-xs&#8221;][vc_single_image image=&#8221;54493&#8243; img_size=&#8221;medium&#8221; alignment=&#8221;center&#8221;][\/vc_column][vc_column width=&#8221;1\/6&#8243;][\/vc_column][\/vc_row][vc_row][vc_column][vc_empty_space][\/vc_column][\/vc_row][vc_row equal_height=&#8221;yes&#8221; content_placement=&#8221;middle&#8221;][vc_column width=&#8221;1\/6&#8243;][\/vc_column][vc_column width=&#8221;2\/6&#8243;][vc_empty_space height=&#8221;1px&#8221; el_class=&#8221;hide-desktop&#8221; css=&#8221;.vc_custom_1545918815682{margin-top: -80px !important;}&#8221;][vc_single_image image=&#8221;54401&#8243; img_size=&#8221;medium&#8221; alignment=&#8221;center&#8221;][\/vc_column][vc_column width=&#8221;2\/6&#8243;][vc_column_text]<strong>Esilehdet<\/strong> &#8211; etu- ja takakansiin liimatut sivut, jotka yhdist\u00e4v\u00e4t sisuksen kansiin ja muodostavat kirjan sis\u00e4ll\u00f6lle kehykset[\/vc_column_text][\/vc_column][vc_column width=&#8221;1\/6&#8243;][\/vc_column][\/vc_row][vc_row][vc_column][vc_empty_space height=&#8221;64px&#8221;][vc_empty_space height=&#8221;64px&#8221;][vc_empty_space height=&#8221;1px&#8221; el_class=&#8221;hide-desktop&#8221; css=&#8221;.vc_custom_1547727803974{margin-top: -80px !important;}&#8221;][vc_column_text]<\/p>\n<p style=\"font-size: 18px; text-align: center;\">Lue lis\u00e4\u00e4 <a href=\"https:\/\/trt.ee\/fi\/pehmeakantiset-kirjat\/\">pehme\u00e4kantisista kirjoista<\/a> ja <a href=\"https:\/\/trt.ee\/fi\/muut-painotuotteet\/\">muista painotuotteista<\/a>.<\/p>\n<p>[\/vc_column_text][vc_empty_space height=&#8221;1px&#8221; el_class=&#8221;hide-desktop&#8221; css=&#8221;.vc_custom_1547727812022{margin-top: -80px !important;}&#8221;][vc_empty_space height=&#8221;64px&#8221;][\/vc_column][\/vc_row][vc_row bg_type=&#8221;image&#8221; bg_override=&#8221;ex-full&#8221; css=&#8221;.vc_custom_1572345682641{margin-top: 100px !important;padding-top: 20px !important;padding-bottom: 20px !important;background-image: url(https:\/\/trt.ee\/wp-content\/uploads\/2019\/10\/joao-min.jpg?id=59486) !important;background-position: center !important;background-repeat: no-repeat !important;background-size: cover !important;}&#8221;][vc_column][vc_empty_space height=&#8221;1px&#8221;][vc_column_text]<\/p>\n<h3 style=\"color: #ffffff; text-align: center;\">Millaista j\u00e4lkik\u00e4sittely\u00e4 tarjoamme?<\/h3>\n<p>[\/vc_column_text][vc_separator color=&#8221;custom&#8221; border_width=&#8221;3&#8243; el_width=&#8221;10&#8243; accent_color=&#8221;#ffffff&#8221; css=&#8221;.vc_custom_1542273713056{margin-top: -20px !important;}&#8221;][vc_btn title=&#8221;Lue lis\u00e4\u00e4&#8221; style=&#8221;custom&#8221; custom_background=&#8221;#2354a2&#8243; custom_text=&#8221;#ffffff&#8221; shape=&#8221;square&#8221; size=&#8221;lg&#8221; align=&#8221;center&#8221; el_id=&#8221;botonprincipal&#8221; el_class=&#8221;botonprincipal&#8221; link=&#8221;url:https%3A%2F%2Ftrt.ee%2Ffi%2Fjalkikasittely%2F|||&#8221;][\/vc_column][\/vc_row]<\/p>\n<\/div>","protected":false},"excerpt":{"rendered":"<p>[vc_row bg_type=&#8221;image&#8221; bg_override=&#8221;ex-full&#8221; css=&#8221;.vc_custom_1572345647391{margin-top: -100px !important;background-image: url(https:\/\/trt.ee\/wp-content\/uploads\/2019\/10\/pilt.jpg?id=59496) !important;}&#8221;][vc_column][vc_column_text css=&#8221;.vc_custom_1548160483035{padding-top: 120px !important;padding-bottom: 90px !important;}&#8221;] Kovakantiset kirjat [\/vc_column_text][\/vc_column][\/vc_row][vc_row gap=&#8221;35&#8243; content_placement=&#8221;middle&#8221; css=&#8221;.vc_custom_1545402674788{padding-bottom: 50px !important;}&#8221;][vc_column width=&#8221;1\/2&#8243; css=&#8221;.vc_custom_1545402664757{margin-top: 0px !important;border-top-width: 0px !important;}&#8221;][vc_column_text] Kovakantiset kirjat [\/vc_column_text][vc_separator color=&#8221;custom&#8221; align=&#8221;align_left&#8221; border_width=&#8221;3&#8243; el_width=&#8221;30&#8243; accent_color=&#8221;#2354a2&#8243; css=&#8221;.vc_custom_1538120243828{margin-top: -20px !important;}&#8221;][vc_column_text]Kovakantiset kirjat on luotu kest\u00e4m\u00e4\u00e4n sukupolvia. Kovakantisena ei julkaista ainoastaan kirjoja, vaan my\u00f6s aikakausilehti\u00e4, muistokirjoja tai elegantteja taskukalentereita&hellip;<\/p>\n","protected":false},"author":10,"featured_media":0,"parent":0,"menu_order":0,"comment_status":"closed","ping_status":"closed","template":"","meta":{"_monsterinsights_skip_tracking":false,"_monsterinsights_sitenote_active":false,"_monsterinsights_sitenote_note":"","_monsterinsights_sitenote_category":0,"footnotes":""},"class_list":["post-58698","page","type-page","status-publish","hentry","description-off"],"yoast_head":"<!-- This site is optimized with the Yoast SEO plugin v25.5 - https:\/\/yoast.com\/wordpress\/plugins\/seo\/ -->\n<title>Kovakantiset kirjat - Tallinna Raamatutr\u00fckikoda<\/title>\n<meta name=\"robots\" content=\"index, follow, max-snippet:-1, max-image-preview:large, max-video-preview:-1\" \/>\n<link rel=\"canonical\" href=\"https:\/\/www.trt.ee\/fi\/kovakantiset-kirjat\/\" \/>\n<meta property=\"og:locale\" content=\"fi_FI\" \/>\n<meta property=\"og:type\" content=\"article\" \/>\n<meta property=\"og:title\" content=\"Kovakantiset kirjat - Tallinna Raamatutr\u00fckikoda\" \/>\n<meta property=\"og:description\" content=\"[vc_row bg_type=&#8221;image&#8221; bg_override=&#8221;ex-full&#8221; css=&#8221;.vc_custom_1572345647391{margin-top: -100px !important;background-image: url(https:\/\/trt.ee\/wp-content\/uploads\/2019\/10\/pilt.jpg?id=59496) !important;}&#8221;][vc_column][vc_column_text css=&#8221;.vc_custom_1548160483035{padding-top: 120px !important;padding-bottom: 90px !important;}&#8221;] Kovakantiset kirjat [\/vc_column_text][\/vc_column][\/vc_row][vc_row gap=&#8221;35&#8243; content_placement=&#8221;middle&#8221; css=&#8221;.vc_custom_1545402674788{padding-bottom: 50px !important;}&#8221;][vc_column width=&#8221;1\/2&#8243; css=&#8221;.vc_custom_1545402664757{margin-top: 0px !important;border-top-width: 0px !important;}&#8221;][vc_column_text] Kovakantiset kirjat [\/vc_column_text][vc_separator color=&#8221;custom&#8221; align=&#8221;align_left&#8221; border_width=&#8221;3&#8243; el_width=&#8221;30&#8243; accent_color=&#8221;#2354a2&#8243; css=&#8221;.vc_custom_1538120243828{margin-top: -20px !important;}&#8221;][vc_column_text]Kovakantiset kirjat on luotu kest\u00e4m\u00e4\u00e4n sukupolvia. Kovakantisena ei julkaista ainoastaan kirjoja, vaan my\u00f6s aikakausilehti\u00e4, muistokirjoja tai elegantteja taskukalentereita&hellip;\" \/>\n<meta property=\"og:url\" content=\"https:\/\/www.trt.ee\/fi\/kovakantiset-kirjat\/\" \/>\n<meta property=\"og:site_name\" content=\"Tallinna Raamatutr\u00fckikoda\" \/>\n<meta property=\"article:modified_time\" content=\"2019-10-29T10:43:37+00:00\" \/>\n<meta name=\"twitter:card\" content=\"summary_large_image\" \/>\n<meta name=\"twitter:label1\" content=\"Arvioitu lukuaika\" \/>\n\t<meta name=\"twitter:data1\" content=\"9 minuuttia\" \/>\n<script type=\"application\/ld+json\" class=\"yoast-schema-graph\">{\"@context\":\"https:\/\/schema.org\",\"@graph\":[{\"@type\":\"WebPage\",\"@id\":\"https:\/\/www.trt.ee\/fi\/kovakantiset-kirjat\/\",\"url\":\"https:\/\/www.trt.ee\/fi\/kovakantiset-kirjat\/\",\"name\":\"Kovakantiset kirjat - Tallinna Raamatutr\u00fckikoda\",\"isPartOf\":{\"@id\":\"https:\/\/www.trt.ee\/#website\"},\"datePublished\":\"2018-09-28T09:38:52+00:00\",\"dateModified\":\"2019-10-29T10:43:37+00:00\",\"breadcrumb\":{\"@id\":\"https:\/\/www.trt.ee\/fi\/kovakantiset-kirjat\/#breadcrumb\"},\"inLanguage\":\"fi\",\"potentialAction\":[{\"@type\":\"ReadAction\",\"target\":[\"https:\/\/www.trt.ee\/fi\/kovakantiset-kirjat\/\"]}]},{\"@type\":\"BreadcrumbList\",\"@id\":\"https:\/\/www.trt.ee\/fi\/kovakantiset-kirjat\/#breadcrumb\",\"itemListElement\":[{\"@type\":\"ListItem\",\"position\":1,\"name\":\"Home\",\"item\":\"https:\/\/www.trt.ee\/fi\/\"},{\"@type\":\"ListItem\",\"position\":2,\"name\":\"Kovakantiset kirjat\"}]},{\"@type\":\"WebSite\",\"@id\":\"https:\/\/www.trt.ee\/#website\",\"url\":\"https:\/\/www.trt.ee\/\",\"name\":\"Tallinna Raamatutr\u00fckikoda\",\"description\":\"\",\"potentialAction\":[{\"@type\":\"SearchAction\",\"target\":{\"@type\":\"EntryPoint\",\"urlTemplate\":\"https:\/\/www.trt.ee\/?s={search_term_string}\"},\"query-input\":{\"@type\":\"PropertyValueSpecification\",\"valueRequired\":true,\"valueName\":\"search_term_string\"}}],\"inLanguage\":\"fi\"}]}<\/script>\n<!-- \/ Yoast SEO plugin. -->","yoast_head_json":{"title":"Kovakantiset kirjat - Tallinna Raamatutr\u00fckikoda","robots":{"index":"index","follow":"follow","max-snippet":"max-snippet:-1","max-image-preview":"max-image-preview:large","max-video-preview":"max-video-preview:-1"},"canonical":"https:\/\/www.trt.ee\/fi\/kovakantiset-kirjat\/","og_locale":"fi_FI","og_type":"article","og_title":"Kovakantiset kirjat - Tallinna Raamatutr\u00fckikoda","og_description":"[vc_row bg_type=&#8221;image&#8221; bg_override=&#8221;ex-full&#8221; css=&#8221;.vc_custom_1572345647391{margin-top: -100px !important;background-image: url(https:\/\/trt.ee\/wp-content\/uploads\/2019\/10\/pilt.jpg?id=59496) !important;}&#8221;][vc_column][vc_column_text css=&#8221;.vc_custom_1548160483035{padding-top: 120px !important;padding-bottom: 90px !important;}&#8221;] Kovakantiset kirjat [\/vc_column_text][\/vc_column][\/vc_row][vc_row gap=&#8221;35&#8243; content_placement=&#8221;middle&#8221; css=&#8221;.vc_custom_1545402674788{padding-bottom: 50px !important;}&#8221;][vc_column width=&#8221;1\/2&#8243; css=&#8221;.vc_custom_1545402664757{margin-top: 0px !important;border-top-width: 0px !important;}&#8221;][vc_column_text] Kovakantiset kirjat [\/vc_column_text][vc_separator color=&#8221;custom&#8221; align=&#8221;align_left&#8221; border_width=&#8221;3&#8243; el_width=&#8221;30&#8243; accent_color=&#8221;#2354a2&#8243; css=&#8221;.vc_custom_1538120243828{margin-top: -20px !important;}&#8221;][vc_column_text]Kovakantiset kirjat on luotu kest\u00e4m\u00e4\u00e4n sukupolvia. Kovakantisena ei julkaista ainoastaan kirjoja, vaan my\u00f6s aikakausilehti\u00e4, muistokirjoja tai elegantteja taskukalentereita&hellip;","og_url":"https:\/\/www.trt.ee\/fi\/kovakantiset-kirjat\/","og_site_name":"Tallinna Raamatutr\u00fckikoda","article_modified_time":"2019-10-29T10:43:37+00:00","twitter_card":"summary_large_image","twitter_misc":{"Arvioitu lukuaika":"9 minuuttia"},"schema":{"@context":"https:\/\/schema.org","@graph":[{"@type":"WebPage","@id":"https:\/\/www.trt.ee\/fi\/kovakantiset-kirjat\/","url":"https:\/\/www.trt.ee\/fi\/kovakantiset-kirjat\/","name":"Kovakantiset kirjat - Tallinna Raamatutr\u00fckikoda","isPartOf":{"@id":"https:\/\/www.trt.ee\/#website"},"datePublished":"2018-09-28T09:38:52+00:00","dateModified":"2019-10-29T10:43:37+00:00","breadcrumb":{"@id":"https:\/\/www.trt.ee\/fi\/kovakantiset-kirjat\/#breadcrumb"},"inLanguage":"fi","potentialAction":[{"@type":"ReadAction","target":["https:\/\/www.trt.ee\/fi\/kovakantiset-kirjat\/"]}]},{"@type":"BreadcrumbList","@id":"https:\/\/www.trt.ee\/fi\/kovakantiset-kirjat\/#breadcrumb","itemListElement":[{"@type":"ListItem","position":1,"name":"Home","item":"https:\/\/www.trt.ee\/fi\/"},{"@type":"ListItem","position":2,"name":"Kovakantiset kirjat"}]},{"@type":"WebSite","@id":"https:\/\/www.trt.ee\/#website","url":"https:\/\/www.trt.ee\/","name":"Tallinna Raamatutr\u00fckikoda","description":"","potentialAction":[{"@type":"SearchAction","target":{"@type":"EntryPoint","urlTemplate":"https:\/\/www.trt.ee\/?s={search_term_string}"},"query-input":{"@type":"PropertyValueSpecification","valueRequired":true,"valueName":"search_term_string"}}],"inLanguage":"fi"}]}},"_links":{"self":[{"href":"https:\/\/www.trt.ee\/fi\/wp-json\/wp\/v2\/pages\/58698","targetHints":{"allow":["GET"]}}],"collection":[{"href":"https:\/\/www.trt.ee\/fi\/wp-json\/wp\/v2\/pages"}],"about":[{"href":"https:\/\/www.trt.ee\/fi\/wp-json\/wp\/v2\/types\/page"}],"author":[{"embeddable":true,"href":"https:\/\/www.trt.ee\/fi\/wp-json\/wp\/v2\/users\/10"}],"replies":[{"embeddable":true,"href":"https:\/\/www.trt.ee\/fi\/wp-json\/wp\/v2\/comments?post=58698"}],"version-history":[{"count":6,"href":"https:\/\/www.trt.ee\/fi\/wp-json\/wp\/v2\/pages\/58698\/revisions"}],"predecessor-version":[{"id":59500,"href":"https:\/\/www.trt.ee\/fi\/wp-json\/wp\/v2\/pages\/58698\/revisions\/59500"}],"wp:attachment":[{"href":"https:\/\/www.trt.ee\/fi\/wp-json\/wp\/v2\/media?parent=58698"}],"curies":[{"name":"wp","href":"https:\/\/api.w.org\/{rel}","templated":true}]}}