{"id":58702,"date":"2018-12-14T08:21:26","date_gmt":"2018-12-14T08:21:26","guid":{"rendered":"https:\/\/trt.ee\/pehmekaanelised-raamatud-2\/"},"modified":"2019-10-29T11:04:41","modified_gmt":"2019-10-29T11:04:41","slug":"pehmeakantiset-kirjat","status":"publish","type":"page","link":"https:\/\/www.trt.ee\/fi\/pehmeakantiset-kirjat\/","title":{"rendered":"Pehme\u00e4kantiset kirjat"},"content":{"rendered":"<div class=\"wpb-content-wrapper\"><p>[vc_row bg_type=&#8221;image&#8221; bg_override=&#8221;ex-full&#8221; css=&#8221;.vc_custom_1572347066649{margin-top: -100px !important;background-image: url(https:\/\/trt.ee\/wp-content\/uploads\/2019\/10\/pilt.jpg?id=59496) !important;}&#8221;][vc_column][vc_empty_space height=&#8221;100px&#8221; el_class=&#8221;hide-mobile&#8221;][vc_column_text css=&#8221;.vc_custom_1548162916399{padding-top: 20px !important;}&#8221;]<\/p>\n<h1><span style=\"font-weight: 400; color: #ffffff; font-size: 5vh!important;\">Pehme\u00e4kantiset kirjat<\/span><\/h1>\n<p>[\/vc_column_text][vc_empty_space height=&#8221;100px&#8221; el_class=&#8221;hide-mobile&#8221;][\/vc_column][\/vc_row][vc_row gap=&#8221;35&#8243; content_placement=&#8221;middle&#8221;][vc_column width=&#8221;1\/2&#8243; css=&#8221;.vc_custom_1545403767000{margin-top: 0px !important;border-top-width: 0px !important;}&#8221;][vc_column_text]<\/p>\n<h3 style=\"color: #2354a2; text-align: left;\">Pehme\u00e4kantiset kirjat<\/h3>\n<p>[\/vc_column_text][vc_separator color=&#8221;custom&#8221; align=&#8221;align_left&#8221; border_width=&#8221;3&#8243; el_width=&#8221;30&#8243; accent_color=&#8221;#2354a2&#8243; css=&#8221;.vc_custom_1538120243828{margin-top: -20px !important;}&#8221;][vc_column_text]Pehme\u00e4kantiset kirjat ovat yleens\u00e4 kevyempi\u00e4, ja suurien painom\u00e4\u00e4rien valmistaminen kovakantisiin kirjoihin verrattuna on edullisempaa. T\u00e4m\u00e4 formaatti tarjoaa mielenkiintoisia vaihtoehtoja my\u00f6s ulkoasun suhteen.<\/p>\n<p>Pehme\u00e4kantisen kirjan vahvuudet ovat:[\/vc_column_text]<div class=\"standard-arrow list-divider bullet-top\"><ul>\n<li>edullinen hinta<\/li>\n<li>keveys<\/li>\n<li>liepeelliset kannet<\/li>\n<\/ul>\n<\/div>[\/vc_column][vc_column width=&#8221;1\/2&#8243; css=&#8221;.vc_custom_1545918953155{background-position: center !important;background-repeat: no-repeat !important;background-size: contain !important;}&#8221;][vc_single_image image=&#8221;53621&#8243; img_size=&#8221;full&#8221; alignment=&#8221;center&#8221; el_class=&#8221;hide-mobile&#8221;][\/vc_column][\/vc_row][vc_row gap=&#8221;35&#8243; content_placement=&#8221;middle&#8221; css=&#8221;.vc_custom_1543932436752{padding-bottom: 15px !important;}&#8221;][vc_column width=&#8221;1\/2&#8243; css=&#8221;.vc_custom_1542274482278{background-position: center !important;background-repeat: no-repeat !important;background-size: contain !important;}&#8221;][vc_empty_space height=&#8221;1px&#8221; el_class=&#8221;hide-desktop&#8221; css=&#8221;.vc_custom_1545919031080{margin-top: -100px !important;}&#8221;][vc_single_image image=&#8221;53807&#8243; img_size=&#8221;full&#8221; alignment=&#8221;center&#8221;][\/vc_column][vc_column width=&#8221;1\/2&#8243;][vc_empty_space height=&#8221;1px&#8221; el_class=&#8221;hide-desktop&#8221; css=&#8221;.vc_custom_1545919208965{margin-top: -25px !important;}&#8221;][vc_column_text]<\/p>\n<h3 style=\"color: #2354a2; text-align: left;\">Pehme\u00e4t kannet \u2013 paljon mahdollisuuksia<\/h3>\n<p>[\/vc_column_text][vc_separator color=&#8221;custom&#8221; align=&#8221;align_left&#8221; border_width=&#8221;3&#8243; el_width=&#8221;30&#8243; accent_color=&#8221;#2354a2&#8243; css=&#8221;.vc_custom_1538315651290{margin-top: -20px !important;}&#8221;][vc_column_text]Pehme\u00e4t kannet sopivat melkein mille tahansa kirjalle. Ne sopivat hyvin my\u00f6s esitteille. Pehme\u00e4kantisten kirjojen painatus ja sidonta on my\u00f6s helpompaa ja nopeampaa.<\/p>\n<p>Kannen suunnitteluun on paljon mahdollisuuksia. Kest\u00e4vyyden takaamiseksi tai n\u00e4ytt\u00e4vyyden lis\u00e4\u00e4miseksi voidaan k\u00e4ytt\u00e4\u00e4 vesilakkausta, erilaisia laminointeja, foliointia, kohdelakkausta ja stanssausta.[\/vc_column_text][\/vc_column][\/vc_row][vc_row gap=&#8221;35&#8243; content_placement=&#8221;middle&#8221; css=&#8221;.vc_custom_1543932368158{padding-bottom: 25px !important;}&#8221;][vc_column width=&#8221;1\/2&#8243; css=&#8221;.vc_custom_1530542422736{margin-top: 0px !important;border-top-width: 0px !important;padding-top: 50px !important;}&#8221;][vc_empty_space height=&#8221;1px&#8221; el_class=&#8221;hide-desktop&#8221; css=&#8221;.vc_custom_1545919173087{margin-top: -50px !important;}&#8221;][vc_single_image image=&#8221;54421&#8243; img_size=&#8221;full&#8221; alignment=&#8221;center&#8221; el_class=&#8221;hide-desktop&#8221;][vc_column_text]<\/p>\n<h3 style=\"color: #2354a2; text-align: left;\">Sidonta<\/h3>\n<p>[\/vc_column_text][vc_separator color=&#8221;custom&#8221; align=&#8221;align_left&#8221; border_width=&#8221;3&#8243; el_width=&#8221;30&#8243; accent_color=&#8221;#2354a2&#8243; css=&#8221;.vc_custom_1538120243828{margin-top: -20px !important;}&#8221;][vc_column_text]Pehme\u00e4kantinen liimanidonta, PUR-nidonta, ommeltu pehme\u00e4kantinen sidos, Otabind ja sveitsil\u00e4inen sidos.[\/vc_column_text]<div class=\"standard-arrow list-divider bullet-top\"><ul>\n<li>Formaatit: v\u00e4hint\u00e4\u00e4n 75 x 100 mm, korkeintaan 300 x 360 mm (leveys x korkeus). Kirjan paksuus 2-62 mm. Otabind-kirjan leveys v\u00e4hint\u00e4\u00e4n 105 mm ja paksuus 27 mm.<\/li>\n<li>Sis\u00e4sivut: P\u00e4\u00e4llyst\u00e4m\u00e4t\u00f6n paperi 60-150g\/m2, p\u00e4\u00e4llystetty paperi 70-170 g\/m2.<\/li>\n<li>Kansimateriaalit: kartonki (paksuus 230-280 g\/m2), p\u00e4\u00e4llystetty paperi (200-350 g\/m2), p\u00e4\u00e4llyst\u00e4m\u00e4tt\u00f6m\u00e4t erikoispaperit, erilaiset pp-materiaalit.<\/li>\n<li>Kannet voivat olla liepeelliset eli sis\u00e4\u00e4nk\u00e4\u00e4nnetyt (leveys v\u00e4hint\u00e4\u00e4n 80 mm ja kirjan leveys enint\u00e4\u00e4n miinus 20 mm).<\/li>\n<li>Painettu kansi voidaan laminoida monin tavoin: kiilt\u00e4v\u00e4, matta, kest\u00e4v\u00e4 matta, sametti, kohokuviointi.<\/li>\n<li>J\u00e4lkik\u00e4sittely: foliointi, UV-kohdelakkaus, vesilakkaus, laminointi, korkopainanta, silkkipaino, stanssaus, tarroitus, irrotettava p\u00e4\u00e4llyspaperi, kulmien py\u00f6ristys, pakkaus termo- tai suojamuoviin.<\/li>\n<\/ul>\n<\/div>[\/vc_column][vc_column width=&#8221;1\/2&#8243; css=&#8221;.vc_custom_1545919116853{background-position: center !important;background-repeat: no-repeat !important;background-size: contain !important;}&#8221; offset=&#8221;vc_hidden-md vc_hidden-sm vc_hidden-xs&#8221;][vc_single_image image=&#8221;54421&#8243; img_size=&#8221;full&#8221; alignment=&#8221;center&#8221;][\/vc_column][\/vc_row][vc_row bg_type=&#8221;bg_color&#8221; bg_override=&#8221;ex-full&#8221; css=&#8221;.vc_custom_1545407751550{margin-top: 0px !important;padding-top: 40px !important;padding-bottom: 40px !important;background-color: #f2f2f2 !important;}&#8221; bg_color_value=&#8221;#f2f2f2&#8243;][vc_column][vc_icon icon_fontawesome=&#8221;fa fa-book&#8221; color=&#8221;custom&#8221; background_style=&#8221;rounded&#8221; background_color=&#8221;white&#8221; align=&#8221;center&#8221; custom_color=&#8221;#2354a2&#8243;][vc_column_text css=&#8221;.vc_custom_1548163158324{margin-top: -25px !important;}&#8221;]<\/p>\n<h3 style=\"text-align: center; color: #464646;\">Sidontatekniikat tavallisesta erikoisimpaan<\/h3>\n<p>[\/vc_column_text][vc_row_inner][vc_column_inner width=&#8221;1\/2&#8243;][vc_column_text]<\/p>\n<ul>\n<li><strong>Pehme\u00e4kantinen liimanidonta<\/strong> &#8211; mahdollisuus k\u00e4ytt\u00e4\u00e4 kuumaliimaa tai PUR-liimaa. Sopii hyvin edulliselle paperback-mallille, hienostuneelle aikakauslehdelle tai n\u00e4ytt\u00e4v\u00e4lle mainosesitteelle.<\/li>\n<li><strong>Ommeltu pehme\u00e4kantinen sidos<\/strong> &#8211; kest\u00e4\u00e4 kauemmin kuin tavallinen liimanidonta. Kest\u00e4vyys ei riipu sisuksesta. Sopii my\u00f6s paksummalle (p\u00e4\u00e4llystetylle) paperille painetuille ja jatkuvaan k\u00e4ytt\u00f6\u00f6n tarkoitetuille tuotteille, kuten oppikirjat, k\u00e4sikirjat, tuoteluettelot jne.<\/li>\n<li><strong>Ommeltu liepeellinen pehme\u00e4kantinen sidos<\/strong> &#8211; kannen sis\u00e4\u00e4n taipuvat liepeet lis\u00e4\u00e4v\u00e4t kansien tukevuutta ja tarjoavat lis\u00e4tilaa tekstille. Liepeisiin voidaan painaa oleellista tietoa kirjasta: tekij\u00e4st\u00e4, kustantajasta, saman sarjan muista kirjoista jne.<\/li>\n<li><strong>Koptisidos<\/strong> &#8211; kirjan selk\u00e4 on avoin ja p\u00e4\u00e4llyst\u00e4m\u00e4t\u00f6n, mik\u00e4 mahdollistaa kirjan avaamisen t\u00e4ysin auki. Kansia ei ole tai ne on liimattu kiinni etu- ja takasivuun.<\/li>\n<\/ul>\n<p>[\/vc_column_text][\/vc_column_inner][vc_column_inner width=&#8221;1\/2&#8243;][vc_column_text]<\/p>\n<ul>\n<li><strong>Otabind-sidos<\/strong> &#8211; t\u00e4ysin omann\u00e4k\u00f6isens\u00e4 sidonta, jossa kantta ei ole liimattu kirjan selk\u00e4\u00e4n. Tuloksena kirja, joka aukeaa huomattavasti helpommin.<\/li>\n<li><strong>Puoliavoin sidos <\/strong>&#8211;\u00a0sivublokki on kiinnitetty vain kirjan takakanteen, j\u00e4tt\u00e4en avattuna kirjan sidotun sel\u00e4n n\u00e4kyviin.<\/li>\n<\/ul>\n<p>[\/vc_column_text][\/vc_column_inner][\/vc_row_inner][\/vc_column][\/vc_row][vc_row css=&#8221;.vc_custom_1546061302571{padding-top: 50px !important;}&#8221;][vc_column][vc_column_text]<\/p>\n<h3 style=\"color: #2354a2; text-align: center;\">Muutamia ty\u00f6n\u00e4ytteit\u00e4<\/h3>\n<p>[\/vc_column_text][vc_separator color=&#8221;custom&#8221; border_width=&#8221;3&#8243; el_width=&#8221;10&#8243; accent_color=&#8221;#2354a2&#8243; css=&#8221;.vc_custom_1542140220980{margin-top: -20px !important;}&#8221;][\/vc_column][\/vc_row][vc_row content_placement=&#8221;middle&#8221; css=&#8221;.vc_custom_1545919877620{margin-top: 40px !important;}&#8221;][vc_column width=&#8221;1\/6&#8243;][\/vc_column][vc_column width=&#8221;2\/6&#8243;][vc_empty_space height=&#8221;1px&#8221; el_class=&#8221;hide-desktop&#8221; css=&#8221;.vc_custom_1545919293414{margin-top: -25px !important;}&#8221;][vc_single_image image=&#8221;55060&#8243; img_size=&#8221;medium&#8221;][\/vc_column][vc_column width=&#8221;2\/6&#8243;][vc_empty_space height=&#8221;1px&#8221; el_class=&#8221;hide-desktop&#8221; css=&#8221;.vc_custom_1545919458297{margin-top: -30px !important;}&#8221;][vc_column_text]<strong>Pehme\u00e4kantinen liimanidonta<\/strong> &#8211; mahdollisuus k\u00e4ytt\u00e4\u00e4 kuumaliimaa tai PUR-liimaa. Sopii hyvin edulliselle paperback-mallille, hienostuneelle aikakauslehdelle tai n\u00e4ytt\u00e4v\u00e4lle mainosesitteelle.[\/vc_column_text][\/vc_column][vc_column width=&#8221;1\/6&#8243;][\/vc_column][\/vc_row][vc_row][vc_column][vc_empty_space][\/vc_column][\/vc_row][vc_row content_placement=&#8221;middle&#8221;][vc_column width=&#8221;1\/6&#8243;][\/vc_column][vc_column width=&#8221;2\/6&#8243;][vc_empty_space height=&#8221;1px&#8221; el_class=&#8221;hide-desktop&#8221; css=&#8221;.vc_custom_1545919426081{margin-top: -75px !important;}&#8221;][vc_single_image image=&#8221;55062&#8243; img_size=&#8221;medium&#8221; el_class=&#8221;hide-desktop&#8221;][vc_column_text]<strong>Ommeltu pehme\u00e4kantinen sidos<\/strong> &#8211; kest\u00e4\u00e4 kauemmin kuin tavallinen liimanidonta. Kest\u00e4vyys ei riipu sisuksesta. Sopii my\u00f6s paksummalle (p\u00e4\u00e4llystetylle) paperille painetuille ja jatkuvaan k\u00e4ytt\u00f6\u00f6n tarkoitetuille tuotteille, kuten oppikirjat, k\u00e4sikirjat, tuoteluettelot jne.[\/vc_column_text][\/vc_column][vc_column width=&#8221;2\/6&#8243;][vc_single_image image=&#8221;55062&#8243; img_size=&#8221;medium&#8221; el_class=&#8221;hide-mobile&#8221;][\/vc_column][vc_column width=&#8221;1\/6&#8243;][\/vc_column][\/vc_row][vc_row][vc_column][vc_empty_space][\/vc_column][\/vc_row][vc_row content_placement=&#8221;middle&#8221;][vc_column width=&#8221;1\/6&#8243;][\/vc_column][vc_column width=&#8221;2\/6&#8243;][vc_empty_space height=&#8221;1px&#8221; el_class=&#8221;hide-desktop&#8221; css=&#8221;.vc_custom_1545919569873{margin-top: -40px !important;}&#8221;][vc_single_image image=&#8221;54423&#8243; img_size=&#8221;medium&#8221;][\/vc_column][vc_column width=&#8221;2\/6&#8243;][vc_column_text]<strong>Ommeltu liepeellinen pehme\u00e4kantinen sidos<\/strong> &#8211; kannen sis\u00e4\u00e4n taipuvat liepeet lis\u00e4\u00e4v\u00e4t kansien tukevuutta ja tarjoavat lis\u00e4tilaa tekstille. Liepeisiin voidaan painaa oleellista tietoa kirjasta: tekij\u00e4st\u00e4, kustantajasta, saman sarjan muista kirjoista jne.[\/vc_column_text][\/vc_column][vc_column width=&#8221;1\/6&#8243;][\/vc_column][\/vc_row][vc_row][vc_column][vc_empty_space][\/vc_column][\/vc_row][vc_row content_placement=&#8221;middle&#8221;][vc_column width=&#8221;1\/6&#8243;][\/vc_column][vc_column width=&#8221;2\/6&#8243;][vc_empty_space height=&#8221;1px&#8221; el_class=&#8221;hide-desktop&#8221; css=&#8221;.vc_custom_1545919659427{margin-top: -25px !important;}&#8221;][vc_single_image image=&#8221;53623&#8243; img_size=&#8221;medium&#8221; el_class=&#8221;hide-desktop&#8221;][vc_column_text]<strong>Koptisidos<\/strong> &#8211; kirjan selk\u00e4 on avoin ja p\u00e4\u00e4llyst\u00e4m\u00e4t\u00f6n, mik\u00e4 mahdollistaa kirjan avaamisen t\u00e4ysin auki. Kansia ei ole tai ne on liimattu kiinni etu- ja takasivuun.[\/vc_column_text][\/vc_column][vc_column width=&#8221;2\/6&#8243;][vc_single_image image=&#8221;53623&#8243; img_size=&#8221;medium&#8221; el_class=&#8221;hide-mobile&#8221;][\/vc_column][vc_column width=&#8221;1\/6&#8243;][\/vc_column][\/vc_row][vc_row][vc_column][vc_empty_space][\/vc_column][\/vc_row][vc_row content_placement=&#8221;middle&#8221;][vc_column width=&#8221;1\/6&#8243;][\/vc_column][vc_column width=&#8221;2\/6&#8243;][vc_empty_space height=&#8221;1px&#8221; el_class=&#8221;hide-desktop&#8221; css=&#8221;.vc_custom_1545919659427{margin-top: -25px !important;}&#8221;][vc_single_image image=&#8221;53922&#8243; img_size=&#8221;medium&#8221;][\/vc_column][vc_column width=&#8221;2\/6&#8243;][vc_column_text]<strong>Otabind-sidos<\/strong> &#8211; t\u00e4ysin omann\u00e4k\u00f6isens\u00e4 sidonta, jossa kantta ei ole liimattu kirjan selk\u00e4\u00e4n. Tuloksena kirja, joka aukeaa huomattavasti helpommin.[\/vc_column_text][\/vc_column][vc_column width=&#8221;1\/6&#8243;][\/vc_column][\/vc_row][vc_row][vc_column][vc_empty_space][\/vc_column][\/vc_row][vc_row content_placement=&#8221;middle&#8221;][vc_column width=&#8221;1\/6&#8243;][\/vc_column][vc_column width=&#8221;2\/6&#8243;][vc_empty_space height=&#8221;1px&#8221; el_class=&#8221;hide-desktop&#8221; css=&#8221;.vc_custom_1545919659427{margin-top: -25px !important;}&#8221;][vc_single_image image=&#8221;54578&#8243; img_size=&#8221;medium&#8221; el_class=&#8221;hide-desktop&#8221;][vc_column_text]<strong>Puoliavoin sidos<\/strong> &#8211; sivublokki on kiinnitetty vain kirjan takakanteen, j\u00e4tt\u00e4en avattuna kirjan sidotun sel\u00e4n n\u00e4kyviin.[\/vc_column_text][\/vc_column][vc_column width=&#8221;2\/6&#8243;][vc_single_image image=&#8221;54578&#8243; img_size=&#8221;medium&#8221; el_class=&#8221;hide-mobile&#8221;][\/vc_column][vc_column width=&#8221;1\/6&#8243;][\/vc_column][\/vc_row][vc_row][vc_column][vc_empty_space][\/vc_column][\/vc_row][vc_row][vc_column][vc_empty_space][\/vc_column][\/vc_row][vc_row][vc_column][vc_empty_space height=&#8221;1px&#8221; el_class=&#8221;hide-desktop&#8221; css=&#8221;.vc_custom_1545919702753{margin-top: -50px !important;}&#8221;][vc_column_text]<\/p>\n<p style=\"font-size: 18px; text-align: center;\">Lue lis\u00e4\u00e4 <a href=\"https:\/\/trt.ee\/fi\/kovakantiset-kirjat\/\">kovakantisista kirjoista<\/a> ja <a href=\"https:\/\/trt.ee\/fi\/muut-painotuotteet\/\">muista painotuotteista<\/a>.<\/p>\n<p>[\/vc_column_text][\/vc_column][\/vc_row][vc_row bg_type=&#8221;image&#8221; bg_override=&#8221;ex-full&#8221; css=&#8221;.vc_custom_1572347077291{margin-top: 100px !important;padding-top: 20px !important;padding-bottom: 20px !important;background-image: url(https:\/\/trt.ee\/wp-content\/uploads\/2019\/10\/joao-min.jpg?id=59486) !important;background-position: center !important;background-repeat: no-repeat !important;background-size: cover !important;}&#8221;][vc_column][vc_column_text]<\/p>\n<h3 style=\"color: #ffffff; text-align: center;\">Millaista j\u00e4lkik\u00e4sittely\u00e4 tarjoamme?<\/h3>\n<p>[\/vc_column_text][vc_separator color=&#8221;white&#8221; border_width=&#8221;3&#8243; el_width=&#8221;10&#8243; css=&#8221;.vc_custom_1542274694954{margin-top: -20px !important;}&#8221;][vc_btn title=&#8221;Lue lis\u00e4\u00e4&#8221; style=&#8221;custom&#8221; custom_background=&#8221;#2354a2&#8243; custom_text=&#8221;#ffffff&#8221; shape=&#8221;square&#8221; size=&#8221;lg&#8221; align=&#8221;center&#8221; el_id=&#8221;botonprincipal&#8221; el_class=&#8221;botonprincipal&#8221; link=&#8221;url:https%3A%2F%2Ftrt.ee%2Ffi%2Fjalkikasittely%2F|||&#8221;][\/vc_column][\/vc_row]<\/p>\n<\/div>","protected":false},"excerpt":{"rendered":"<p>[vc_row bg_type=&#8221;image&#8221; bg_override=&#8221;ex-full&#8221; css=&#8221;.vc_custom_1572347066649{margin-top: -100px !important;background-image: url(https:\/\/trt.ee\/wp-content\/uploads\/2019\/10\/pilt.jpg?id=59496) !important;}&#8221;][vc_column][vc_empty_space height=&#8221;100px&#8221; el_class=&#8221;hide-mobile&#8221;][vc_column_text css=&#8221;.vc_custom_1548162916399{padding-top: 20px !important;}&#8221;] Pehme\u00e4kantiset kirjat [\/vc_column_text][vc_empty_space height=&#8221;100px&#8221; el_class=&#8221;hide-mobile&#8221;][\/vc_column][\/vc_row][vc_row gap=&#8221;35&#8243; content_placement=&#8221;middle&#8221;][vc_column width=&#8221;1\/2&#8243; css=&#8221;.vc_custom_1545403767000{margin-top: 0px !important;border-top-width: 0px !important;}&#8221;][vc_column_text] Pehme\u00e4kantiset kirjat [\/vc_column_text][vc_separator color=&#8221;custom&#8221; align=&#8221;align_left&#8221; border_width=&#8221;3&#8243; el_width=&#8221;30&#8243; accent_color=&#8221;#2354a2&#8243; css=&#8221;.vc_custom_1538120243828{margin-top: -20px !important;}&#8221;][vc_column_text]Pehme\u00e4kantiset kirjat ovat yleens\u00e4 kevyempi\u00e4, ja suurien painom\u00e4\u00e4rien valmistaminen kovakantisiin kirjoihin verrattuna on edullisempaa. T\u00e4m\u00e4 formaatti tarjoaa mielenkiintoisia vaihtoehtoja&hellip;<\/p>\n","protected":false},"author":10,"featured_media":0,"parent":0,"menu_order":0,"comment_status":"closed","ping_status":"closed","template":"","meta":{"_monsterinsights_skip_tracking":false,"_monsterinsights_sitenote_active":false,"_monsterinsights_sitenote_note":"","_monsterinsights_sitenote_category":0,"footnotes":""},"class_list":["post-58702","page","type-page","status-publish","hentry","description-off"],"yoast_head":"<!-- This site is optimized with the Yoast SEO plugin v25.5 - https:\/\/yoast.com\/wordpress\/plugins\/seo\/ -->\n<title>Pehme\u00e4kantiset kirjat - Tallinna Raamatutr\u00fckikoda<\/title>\n<meta name=\"robots\" content=\"index, follow, max-snippet:-1, max-image-preview:large, max-video-preview:-1\" \/>\n<link rel=\"canonical\" href=\"https:\/\/www.trt.ee\/fi\/pehmeakantiset-kirjat\/\" \/>\n<meta property=\"og:locale\" content=\"fi_FI\" \/>\n<meta property=\"og:type\" content=\"article\" \/>\n<meta property=\"og:title\" content=\"Pehme\u00e4kantiset kirjat - Tallinna Raamatutr\u00fckikoda\" \/>\n<meta property=\"og:description\" content=\"[vc_row bg_type=&#8221;image&#8221; bg_override=&#8221;ex-full&#8221; css=&#8221;.vc_custom_1572347066649{margin-top: -100px !important;background-image: url(https:\/\/trt.ee\/wp-content\/uploads\/2019\/10\/pilt.jpg?id=59496) !important;}&#8221;][vc_column][vc_empty_space height=&#8221;100px&#8221; el_class=&#8221;hide-mobile&#8221;][vc_column_text css=&#8221;.vc_custom_1548162916399{padding-top: 20px !important;}&#8221;] Pehme\u00e4kantiset kirjat [\/vc_column_text][vc_empty_space height=&#8221;100px&#8221; el_class=&#8221;hide-mobile&#8221;][\/vc_column][\/vc_row][vc_row gap=&#8221;35&#8243; content_placement=&#8221;middle&#8221;][vc_column width=&#8221;1\/2&#8243; css=&#8221;.vc_custom_1545403767000{margin-top: 0px !important;border-top-width: 0px !important;}&#8221;][vc_column_text] Pehme\u00e4kantiset kirjat [\/vc_column_text][vc_separator color=&#8221;custom&#8221; align=&#8221;align_left&#8221; border_width=&#8221;3&#8243; el_width=&#8221;30&#8243; accent_color=&#8221;#2354a2&#8243; css=&#8221;.vc_custom_1538120243828{margin-top: -20px !important;}&#8221;][vc_column_text]Pehme\u00e4kantiset kirjat ovat yleens\u00e4 kevyempi\u00e4, ja suurien painom\u00e4\u00e4rien valmistaminen kovakantisiin kirjoihin verrattuna on edullisempaa. T\u00e4m\u00e4 formaatti tarjoaa mielenkiintoisia vaihtoehtoja&hellip;\" \/>\n<meta property=\"og:url\" content=\"https:\/\/www.trt.ee\/fi\/pehmeakantiset-kirjat\/\" \/>\n<meta property=\"og:site_name\" content=\"Tallinna Raamatutr\u00fckikoda\" \/>\n<meta property=\"article:modified_time\" content=\"2019-10-29T11:04:41+00:00\" \/>\n<meta name=\"twitter:card\" content=\"summary_large_image\" \/>\n<meta name=\"twitter:label1\" content=\"Arvioitu lukuaika\" \/>\n\t<meta name=\"twitter:data1\" content=\"9 minuuttia\" \/>\n<script type=\"application\/ld+json\" class=\"yoast-schema-graph\">{\"@context\":\"https:\/\/schema.org\",\"@graph\":[{\"@type\":\"WebPage\",\"@id\":\"https:\/\/www.trt.ee\/fi\/pehmeakantiset-kirjat\/\",\"url\":\"https:\/\/www.trt.ee\/fi\/pehmeakantiset-kirjat\/\",\"name\":\"Pehme\u00e4kantiset kirjat - Tallinna Raamatutr\u00fckikoda\",\"isPartOf\":{\"@id\":\"https:\/\/www.trt.ee\/#website\"},\"datePublished\":\"2018-12-14T08:21:26+00:00\",\"dateModified\":\"2019-10-29T11:04:41+00:00\",\"breadcrumb\":{\"@id\":\"https:\/\/www.trt.ee\/fi\/pehmeakantiset-kirjat\/#breadcrumb\"},\"inLanguage\":\"fi\",\"potentialAction\":[{\"@type\":\"ReadAction\",\"target\":[\"https:\/\/www.trt.ee\/fi\/pehmeakantiset-kirjat\/\"]}]},{\"@type\":\"BreadcrumbList\",\"@id\":\"https:\/\/www.trt.ee\/fi\/pehmeakantiset-kirjat\/#breadcrumb\",\"itemListElement\":[{\"@type\":\"ListItem\",\"position\":1,\"name\":\"Home\",\"item\":\"https:\/\/www.trt.ee\/fi\/\"},{\"@type\":\"ListItem\",\"position\":2,\"name\":\"Pehme\u00e4kantiset kirjat\"}]},{\"@type\":\"WebSite\",\"@id\":\"https:\/\/www.trt.ee\/#website\",\"url\":\"https:\/\/www.trt.ee\/\",\"name\":\"Tallinna Raamatutr\u00fckikoda\",\"description\":\"\",\"potentialAction\":[{\"@type\":\"SearchAction\",\"target\":{\"@type\":\"EntryPoint\",\"urlTemplate\":\"https:\/\/www.trt.ee\/?s={search_term_string}\"},\"query-input\":{\"@type\":\"PropertyValueSpecification\",\"valueRequired\":true,\"valueName\":\"search_term_string\"}}],\"inLanguage\":\"fi\"}]}<\/script>\n<!-- \/ Yoast SEO plugin. -->","yoast_head_json":{"title":"Pehme\u00e4kantiset kirjat - Tallinna Raamatutr\u00fckikoda","robots":{"index":"index","follow":"follow","max-snippet":"max-snippet:-1","max-image-preview":"max-image-preview:large","max-video-preview":"max-video-preview:-1"},"canonical":"https:\/\/www.trt.ee\/fi\/pehmeakantiset-kirjat\/","og_locale":"fi_FI","og_type":"article","og_title":"Pehme\u00e4kantiset kirjat - Tallinna Raamatutr\u00fckikoda","og_description":"[vc_row bg_type=&#8221;image&#8221; bg_override=&#8221;ex-full&#8221; css=&#8221;.vc_custom_1572347066649{margin-top: -100px !important;background-image: url(https:\/\/trt.ee\/wp-content\/uploads\/2019\/10\/pilt.jpg?id=59496) !important;}&#8221;][vc_column][vc_empty_space height=&#8221;100px&#8221; el_class=&#8221;hide-mobile&#8221;][vc_column_text css=&#8221;.vc_custom_1548162916399{padding-top: 20px !important;}&#8221;] Pehme\u00e4kantiset kirjat [\/vc_column_text][vc_empty_space height=&#8221;100px&#8221; el_class=&#8221;hide-mobile&#8221;][\/vc_column][\/vc_row][vc_row gap=&#8221;35&#8243; content_placement=&#8221;middle&#8221;][vc_column width=&#8221;1\/2&#8243; css=&#8221;.vc_custom_1545403767000{margin-top: 0px !important;border-top-width: 0px !important;}&#8221;][vc_column_text] Pehme\u00e4kantiset kirjat [\/vc_column_text][vc_separator color=&#8221;custom&#8221; align=&#8221;align_left&#8221; border_width=&#8221;3&#8243; el_width=&#8221;30&#8243; accent_color=&#8221;#2354a2&#8243; css=&#8221;.vc_custom_1538120243828{margin-top: -20px !important;}&#8221;][vc_column_text]Pehme\u00e4kantiset kirjat ovat yleens\u00e4 kevyempi\u00e4, ja suurien painom\u00e4\u00e4rien valmistaminen kovakantisiin kirjoihin verrattuna on edullisempaa. T\u00e4m\u00e4 formaatti tarjoaa mielenkiintoisia vaihtoehtoja&hellip;","og_url":"https:\/\/www.trt.ee\/fi\/pehmeakantiset-kirjat\/","og_site_name":"Tallinna Raamatutr\u00fckikoda","article_modified_time":"2019-10-29T11:04:41+00:00","twitter_card":"summary_large_image","twitter_misc":{"Arvioitu lukuaika":"9 minuuttia"},"schema":{"@context":"https:\/\/schema.org","@graph":[{"@type":"WebPage","@id":"https:\/\/www.trt.ee\/fi\/pehmeakantiset-kirjat\/","url":"https:\/\/www.trt.ee\/fi\/pehmeakantiset-kirjat\/","name":"Pehme\u00e4kantiset kirjat - Tallinna Raamatutr\u00fckikoda","isPartOf":{"@id":"https:\/\/www.trt.ee\/#website"},"datePublished":"2018-12-14T08:21:26+00:00","dateModified":"2019-10-29T11:04:41+00:00","breadcrumb":{"@id":"https:\/\/www.trt.ee\/fi\/pehmeakantiset-kirjat\/#breadcrumb"},"inLanguage":"fi","potentialAction":[{"@type":"ReadAction","target":["https:\/\/www.trt.ee\/fi\/pehmeakantiset-kirjat\/"]}]},{"@type":"BreadcrumbList","@id":"https:\/\/www.trt.ee\/fi\/pehmeakantiset-kirjat\/#breadcrumb","itemListElement":[{"@type":"ListItem","position":1,"name":"Home","item":"https:\/\/www.trt.ee\/fi\/"},{"@type":"ListItem","position":2,"name":"Pehme\u00e4kantiset kirjat"}]},{"@type":"WebSite","@id":"https:\/\/www.trt.ee\/#website","url":"https:\/\/www.trt.ee\/","name":"Tallinna Raamatutr\u00fckikoda","description":"","potentialAction":[{"@type":"SearchAction","target":{"@type":"EntryPoint","urlTemplate":"https:\/\/www.trt.ee\/?s={search_term_string}"},"query-input":{"@type":"PropertyValueSpecification","valueRequired":true,"valueName":"search_term_string"}}],"inLanguage":"fi"}]}},"_links":{"self":[{"href":"https:\/\/www.trt.ee\/fi\/wp-json\/wp\/v2\/pages\/58702","targetHints":{"allow":["GET"]}}],"collection":[{"href":"https:\/\/www.trt.ee\/fi\/wp-json\/wp\/v2\/pages"}],"about":[{"href":"https:\/\/www.trt.ee\/fi\/wp-json\/wp\/v2\/types\/page"}],"author":[{"embeddable":true,"href":"https:\/\/www.trt.ee\/fi\/wp-json\/wp\/v2\/users\/10"}],"replies":[{"embeddable":true,"href":"https:\/\/www.trt.ee\/fi\/wp-json\/wp\/v2\/comments?post=58702"}],"version-history":[{"count":8,"href":"https:\/\/www.trt.ee\/fi\/wp-json\/wp\/v2\/pages\/58702\/revisions"}],"predecessor-version":[{"id":59510,"href":"https:\/\/www.trt.ee\/fi\/wp-json\/wp\/v2\/pages\/58702\/revisions\/59510"}],"wp:attachment":[{"href":"https:\/\/www.trt.ee\/fi\/wp-json\/wp\/v2\/media?parent=58702"}],"curies":[{"name":"wp","href":"https:\/\/api.w.org\/{rel}","templated":true}]}}