{"id":58709,"date":"2018-09-28T10:52:56","date_gmt":"2018-09-28T10:52:56","guid":{"rendered":"https:\/\/trt.ee\/muud-trukised\/"},"modified":"2019-10-29T07:46:12","modified_gmt":"2019-10-29T07:46:12","slug":"muut-painotuotteet","status":"publish","type":"page","link":"https:\/\/www.trt.ee\/fi\/muut-painotuotteet\/","title":{"rendered":"Muut painotuotteet"},"content":{"rendered":"<div class=\"wpb-content-wrapper\"><p>[vc_row bg_type=&#8221;image&#8221; bg_override=&#8221;ex-full&#8221; css=&#8221;.vc_custom_1530907372425{margin-top: -100px !important;background-image: url(https:\/\/trt.ee\/wp-content\/uploads\/2018\/07\/portada1.png?id=53167) !important;}&#8221;][vc_column][vc_empty_space height=&#8221;100px&#8221; el_class=&#8221;hide-mobile&#8221;][vc_column_text css=&#8221;.vc_custom_1548163878324{padding-top: 30px !important;padding-bottom: 10px !important;}&#8221;]<\/p>\n<h1><span style=\"font-weight: 400; color: #ffffff; font-size: 6vh !important;\">Muut painotuotteet<\/span><\/h1>\n<p>[\/vc_column_text][vc_empty_space height=&#8221;100px&#8221; el_class=&#8221;hide-mobile&#8221;][\/vc_column][\/vc_row][vc_row gap=&#8221;35&#8243; content_placement=&#8221;middle&#8221; css=&#8221;.vc_custom_1545407957873{padding-bottom: 25px !important;}&#8221;][vc_column width=&#8221;1\/2&#8243; css=&#8221;.vc_custom_1545407941550{margin-top: 0px !important;border-top-width: 0px !important;}&#8221;][vc_column_text]<\/p>\n<h3 style=\"color: #2354a2; text-align: left;\">Mainosesitteet, kalenterit, vihkot, julisteet ja vastaavat.<\/h3>\n<p>[\/vc_column_text][vc_separator color=&#8221;custom&#8221; align=&#8221;align_left&#8221; border_width=&#8221;3&#8243; el_width=&#8221;20&#8243; accent_color=&#8221;#2354a2&#8243; css=&#8221;.vc_custom_1542275533056{margin-top: -20px !important;}&#8221;][vc_column_text el_id=&#8221;klamberkoide&#8221;]Tallinnan Kirjapaino tunnetaan erityisesti kirjojen painajana, mutta teemme my\u00f6s monia muita painot\u00f6it\u00e4.<\/p>\n<p>Olemme asettaneet itsellemme korkeat laatustandardit, olipa kyseess\u00e4 pienipainoksinen lahjakirja tai jokap\u00e4iv\u00e4iseen k\u00e4ytt\u00f6\u00f6n tarkoitettu kalenteri \u2013 molemmat tilaukset tehd\u00e4\u00e4n samanlaisella tarkkuudella ja huolella.[\/vc_column_text][\/vc_column][vc_column width=&#8221;1\/2&#8243; css=&#8221;.vc_custom_1542275593771{background-position: center !important;background-repeat: no-repeat !important;background-size: contain !important;}&#8221;][vc_empty_space height=&#8221;5px&#8221; el_class=&#8221;hide-desktop&#8221; css=&#8221;.vc_custom_1545408196464{margin-bottom: -60px !important;}&#8221;][vc_single_image image=&#8221;54377&#8243; img_size=&#8221;full&#8221; alignment=&#8221;center&#8221;][\/vc_column][\/vc_row][vc_row gap=&#8221;35&#8243; content_placement=&#8221;middle&#8221; css=&#8221;.vc_custom_1543933798471{padding-bottom: 25px !important;}&#8221;][vc_column width=&#8221;1\/2&#8243; css=&#8221;.vc_custom_1542275593771{background-position: center !important;background-repeat: no-repeat !important;background-size: contain !important;}&#8221;][vc_empty_space height=&#8221;5px&#8221; el_class=&#8221;hide-desktop&#8221; css=&#8221;.vc_custom_1545408201553{margin-bottom: -100px !important;}&#8221;][vc_single_image image=&#8221;54693&#8243; img_size=&#8221;full&#8221; alignment=&#8221;center&#8221;][\/vc_column][vc_column width=&#8221;1\/2&#8243; css=&#8221;.vc_custom_1530542422736{margin-top: 0px !important;border-top-width: 0px !important;padding-top: 50px !important;}&#8221;][vc_empty_space height=&#8221;5px&#8221; el_class=&#8221;hide-desktop&#8221; css=&#8221;.vc_custom_1545408207011{margin-bottom: -60px !important;}&#8221;][vc_column_text]<\/p>\n<h3 style=\"color: #2354a2; text-align: left;\">Nidotut vihkot ja muut painotuotteet<\/h3>\n<p>[\/vc_column_text][vc_separator color=&#8221;custom&#8221; align=&#8221;align_left&#8221; border_width=&#8221;3&#8243; el_width=&#8221;20&#8243; accent_color=&#8221;#2354a2&#8243; css=&#8221;.vc_custom_1542275533056{margin-top: -20px !important;}&#8221;][vc_column_text]<strong>Kansi ja sisus yhdistet\u00e4\u00e4n niiteill\u00e4 tai ter\u00e4s- ja muovikierteill\u00e4.<\/strong><\/p>\n<ul>\n<li>Formaatit: v\u00e4hint\u00e4\u00e4n 105 x 148 mm, enint\u00e4\u00e4n 300 x 470 mm (leveys x korkeus). Enint\u00e4\u00e4n 6 vihkoa + kannet.<\/li>\n<li>Sis\u00e4sivut: P\u00e4\u00e4llyst\u00e4m\u00e4t\u00f6n paperi 60g\/m2-150g\/m2, p\u00e4\u00e4llystetty paperi 70 g\/m2-170 g\/m2.<\/li>\n<li>Kansi voi olla samaa materiaalia kuin sis\u00e4sivut, paksumpaa paperia tai kartonkia.<\/li>\n<li>Sivum\u00e4\u00e4r\u00e4 8-96 + kannet. Sivum\u00e4\u00e4r\u00e4 riippuu paperin paksuudesta.<\/li>\n<li>J\u00e4lkik\u00e4sittely: foliointi, UV-(kohde)lakkaus, vesilakkaus, laminointi, preeglaus, silkkipaino, stanssaus, spottiv\u00e4rit, liimaus, kulmien py\u00f6ristys, pakkaus termo- tai suojamuoviin.<\/li>\n<\/ul>\n<p>[\/vc_column_text][\/vc_column][\/vc_row][vc_row gap=&#8221;35&#8243; content_placement=&#8221;middle&#8221; css=&#8221;.vc_custom_1543912618017{padding-bottom: 25px !important;}&#8221;][vc_column width=&#8221;1\/2&#8243; css=&#8221;.vc_custom_1530542422736{margin-top: 0px !important;border-top-width: 0px !important;padding-top: 50px !important;}&#8221;][vc_empty_space height=&#8221;5px&#8221; el_class=&#8221;hide-desktop&#8221; css=&#8221;.vc_custom_1545408210923{margin-bottom: -100px !important;}&#8221;][vc_column_text]<\/p>\n<h3 style=\"color: #2354a2; text-align: left;\">Kampasidonta<\/h3>\n<p>[\/vc_column_text][vc_separator color=&#8221;custom&#8221; align=&#8221;align_left&#8221; border_width=&#8221;3&#8243; el_width=&#8221;20&#8243; accent_color=&#8221;#2354a2&#8243; css=&#8221;.vc_custom_1542275533056{margin-top: -20px !important;}&#8221;][vc_column_text]Rei\u2019itetyt sis\u00e4sivut ja kannet yhdistet\u00e4\u00e4n kampakierteell\u00e4. Painotuote on helposti avattava. Paljon eri kokoisia ja v\u00e4risi\u00e4 vaihtoehtoja. Kannet voivat olla kovat tai pehme\u00e4t.[\/vc_column_text][\/vc_column][vc_column width=&#8221;1\/2&#8243; css=&#8221;.vc_custom_1542275593771{background-position: center !important;background-repeat: no-repeat !important;background-size: contain !important;}&#8221;][vc_empty_space height=&#8221;5px&#8221; el_class=&#8221;hide-desktop&#8221; css=&#8221;.vc_custom_1545408215019{margin-bottom: -60px !important;}&#8221;][vc_single_image image=&#8221;59443&#8243; img_size=&#8221;full&#8221; alignment=&#8221;center&#8221;][\/vc_column][\/vc_row][vc_row bg_type=&#8221;bg_color&#8221; bg_override=&#8221;ex-full&#8221; css=&#8221;.vc_custom_1538129031312{margin-top: 0px !important;padding-top: 40px !important;background-color: #f2f2f2 !important;}&#8221; bg_color_value=&#8221;#f2f2f2&#8243;][vc_column][vc_icon icon_fontawesome=&#8221;fa fa-book&#8221; color=&#8221;custom&#8221; background_style=&#8221;rounded&#8221; background_color=&#8221;white&#8221; align=&#8221;center&#8221; custom_color=&#8221;#2354a2&#8243;][vc_column_text css=&#8221;.vc_custom_1548164202012{margin-top: -25px !important;}&#8221;]<\/p>\n<h3 style=\"text-align: center; color: #464646;\">Sidontatekniikat tavallisesta erikoisempaan<\/h3>\n<p>[\/vc_column_text][vc_row_inner][vc_column_inner width=&#8221;1\/2&#8243;][vc_column_text]<\/p>\n<ul>\n<li><strong>Niittisidonta, tavallinen<\/strong> &#8211; sopii monenlaisiin mainostuotteisiin. K\u00e4tevyyden lis\u00e4ksi lyhyt valmistusaika ja edullinen hinta. Kysy my\u00f6s metallikierresidontaa esimerkiksi vihkoille ja lastenlehdille.<\/li>\n<li><strong>Niittisidonta silmukkaniitill\u00e4<\/strong> &#8211; valmistetaan edellisen tavoin, mutta niiteiss\u00e4 on ns. silmukat. Mahdollistaa k\u00e4yt\u00f6n my\u00f6s kansioiden v\u00e4liss\u00e4.<\/li>\n<li><strong>Kampasidonta<\/strong> &#8211; k\u00e4ytet\u00e4\u00e4n paljon kalentereissa, ohjekirjoissa, k\u00e4sikirjoissa jne. Valikoimassa eriv\u00e4risi\u00e4 metallikampoja, mutta my\u00f6s eriv\u00e4risill\u00e4 muoveilla p\u00e4\u00e4llystettyj\u00e4 kampoja.<\/li>\n<\/ul>\n<p>[\/vc_column_text][\/vc_column_inner][vc_column_inner width=&#8221;1\/2&#8243;][vc_column_text]<\/p>\n<ul>\n<li><strong>Avoselk\u00e4inen ns koptisidos<\/strong> &#8211; kirjan selk\u00e4 on avoin ja p\u00e4\u00e4llyst\u00e4m\u00e4t\u00f6n, mik\u00e4 mahdollistaa kirjan avaamisen t\u00e4ysin auki. Kansia ei ole tai ne on liimattu kiinni etu- ja takasivuun.<\/li>\n<li><strong>Otabind-sidos<\/strong> &#8211; t\u00e4ysin omann\u00e4k\u00f6isens\u00e4 sidonta, jossa kantta ei ole liimattu kirjan selk\u00e4\u00e4n. Tuloksena kirja, joka aukeaa huomattavasti helpommin.<\/li>\n<li><strong>Sveitsil\u00e4inen esite<\/strong> &#8211; sivublokki on kiinnitetty vain kirjan takakanteen, j\u00e4tt\u00e4en avattuna kirjan sidotun sel\u00e4n n\u00e4kyviin.<\/li>\n<\/ul>\n<p>[\/vc_column_text][\/vc_column_inner][\/vc_row_inner][vc_empty_space][\/vc_column][\/vc_row][vc_row css=&#8221;.vc_custom_1538122524485{padding-top: 50px !important;}&#8221;][vc_column][vc_column_text]<\/p>\n<h3 style=\"color: #2354a2; text-align: center;\">Muutamia ty\u00f6n\u00e4ytteit\u00e4<\/h3>\n<p>[\/vc_column_text][vc_separator color=&#8221;custom&#8221; border_width=&#8221;3&#8243; el_width=&#8221;10&#8243; accent_color=&#8221;#2354a2&#8243; css=&#8221;.vc_custom_1542275451348{margin-top: -20px !important;}&#8221;][\/vc_column][\/vc_row][vc_row][vc_column][vc_column_text]<\/p>\n<p style=\"text-align: center;\">Meill\u00e4 on runsas valikoima erikokoisia ja -muotoisia tuotteita:<\/p>\n<p>[\/vc_column_text][\/vc_column][\/vc_row][vc_row][vc_column width=&#8221;1\/3&#8243;][vc_hoverbox image=&#8221;53624&#8243; primary_title=&#8221;&#8221; hover_title=&#8221;&#8221; shape=&#8221;square&#8221;]<\/p>\n<h2 style=\"text-align: center;\">Muistiot<\/h2>\n<p>[\/vc_hoverbox][\/vc_column][vc_column width=&#8221;1\/3&#8243;][vc_hoverbox image=&#8221;54735&#8243; primary_title=&#8221;&#8221; hover_title=&#8221;&#8221; shape=&#8221;square&#8221;]<\/p>\n<h2 style=\"text-align: center;\">Kalenterit<\/h2>\n<p>[\/vc_hoverbox][\/vc_column][vc_column width=&#8221;1\/3&#8243;][vc_hoverbox image=&#8221;54737&#8243; primary_title=&#8221;&#8221; hover_title=&#8221;&#8221; shape=&#8221;square&#8221;]<\/p>\n<h2 style=\"text-align: center;\">Luettelot<\/h2>\n<p>[\/vc_hoverbox][\/vc_column][\/vc_row][vc_row][vc_column][vc_empty_space][\/vc_column][\/vc_row][vc_row][vc_column width=&#8221;1\/3&#8243;][vc_hoverbox image=&#8221;54731&#8243; primary_title=&#8221;&#8221; hover_title=&#8221;&#8221; shape=&#8221;square&#8221;]<\/p>\n<h2 style=\"text-align: center;\">Esitteet<\/h2>\n<p>[\/vc_hoverbox][\/vc_column][vc_column width=&#8221;1\/3&#8243;][vc_hoverbox image=&#8221;54996&#8243; primary_title=&#8221;&#8221; hover_title=&#8221;&#8221; shape=&#8221;square&#8221;]<\/p>\n<h2 style=\"text-align: center;\">Sein\u00e4kalenterit<\/h2>\n<p>[\/vc_hoverbox][\/vc_column][vc_column width=&#8221;1\/3&#8243;][vc_hoverbox image=&#8221;53623&#8243; primary_title=&#8221;&#8221; hover_title=&#8221;&#8221; shape=&#8221;square&#8221;]<\/p>\n<h2 style=\"text-align: center;\">Avoin selk\u00e4<\/h2>\n<p>[\/vc_hoverbox][\/vc_column][\/vc_row][vc_row][vc_column][vc_empty_space][\/vc_column][\/vc_row][vc_row][vc_column width=&#8221;1\/3&#8243;][vc_hoverbox image=&#8221;54317&#8243; primary_title=&#8221;&#8221; hover_title=&#8221;&#8221; shape=&#8221;square&#8221;]<\/p>\n<h2 style=\"text-align: center;\">Niittisidonta silmukkaniitill\u00e4<\/h2>\n<p>[\/vc_hoverbox][\/vc_column][vc_column width=&#8221;1\/3&#8243;][vc_hoverbox image=&#8221;54721&#8243; primary_title=&#8221;&#8221; hover_title=&#8221;&#8221; shape=&#8221;square&#8221;]<\/p>\n<h2 style=\"text-align: center;\">Kampasidonta<\/h2>\n<p>[\/vc_hoverbox][\/vc_column][vc_column width=&#8221;1\/3&#8243;][vc_hoverbox image=&#8221;54872&#8243; primary_title=&#8221;&#8221; hover_title=&#8221;&#8221; shape=&#8221;square&#8221;]<\/p>\n<h2 style=\"text-align: center;\">Niittisidonta, tavallinen<\/h2>\n<p>[\/vc_hoverbox][\/vc_column][\/vc_row][vc_row][vc_column][vc_empty_space height=&#8221;64px&#8221;][\/vc_column][\/vc_row][vc_row][vc_column width=&#8221;1\/4&#8243;][vc_column_text][\/vc_column_text][\/vc_column][vc_column width=&#8221;1\/2&#8243;][vc_empty_space el_class=&#8221;hide-mobile&#8221;][vc_column_text]<\/p>\n<p style=\"font-size: 18px; text-align: center;\">\u00a0 Lue lis\u00e4\u00e4 <a href=\"https:\/\/trt.ee\/fi\/kovakantiset-kirjat\/\">kovakantisista<\/a> ja <a href=\"https:\/\/trt.ee\/fi\/pehmeakantiset-kirjat\/\">pehme\u00e4kantisista<\/a> kirjoista.<\/p>\n<p>[\/vc_column_text][\/vc_column][vc_column width=&#8221;1\/4&#8243;][\/vc_column][\/vc_row][vc_row bg_type=&#8221;image&#8221; bg_override=&#8221;ex-full&#8221; css=&#8221;.vc_custom_1572335169671{margin-top: 100px !important;padding-top: 20px !important;padding-bottom: 20px !important;background-image: url(https:\/\/trt.ee\/wp-content\/uploads\/2019\/10\/joao.jpg?id=59437) !important;}&#8221;][vc_column][vc_column_text]<\/p>\n<h3 style=\"color: #ffffff; text-align: center;\">Millaista j\u00e4lkik\u00e4sittely\u00e4 tarjoamme?<\/h3>\n<p>[\/vc_column_text][\/vc_column][vc_column][vc_separator color=&#8221;white&#8221; border_width=&#8221;3&#8243; el_width=&#8221;10&#8243; css=&#8221;.vc_custom_1546255590583{margin-top: -20px !important;}&#8221;][vc_btn title=&#8221;Lue lis\u00e4\u00e4&#8221; style=&#8221;custom&#8221; custom_background=&#8221;#2354a2&#8243; custom_text=&#8221;#ffffff&#8221; shape=&#8221;square&#8221; size=&#8221;lg&#8221; align=&#8221;center&#8221; link=&#8221;url:https%3A%2F%2Ftrt.ee%2Ffi%2Fjalkikasittely%2F|||&#8221; el_id=&#8221;botonprincipal&#8221; el_class=&#8221;botonprincipal&#8221;][\/vc_column][\/vc_row]<\/p>\n<\/div>","protected":false},"excerpt":{"rendered":"<p>[vc_row bg_type=&#8221;image&#8221; bg_override=&#8221;ex-full&#8221; css=&#8221;.vc_custom_1530907372425{margin-top: -100px !important;background-image: url(https:\/\/trt.ee\/wp-content\/uploads\/2018\/07\/portada1.png?id=53167) !important;}&#8221;][vc_column][vc_empty_space height=&#8221;100px&#8221; el_class=&#8221;hide-mobile&#8221;][vc_column_text css=&#8221;.vc_custom_1548163878324{padding-top: 30px !important;padding-bottom: 10px !important;}&#8221;] Muut painotuotteet [\/vc_column_text][vc_empty_space height=&#8221;100px&#8221; el_class=&#8221;hide-mobile&#8221;][\/vc_column][\/vc_row][vc_row gap=&#8221;35&#8243; content_placement=&#8221;middle&#8221; css=&#8221;.vc_custom_1545407957873{padding-bottom: 25px !important;}&#8221;][vc_column width=&#8221;1\/2&#8243; css=&#8221;.vc_custom_1545407941550{margin-top: 0px !important;border-top-width: 0px !important;}&#8221;][vc_column_text] Mainosesitteet, kalenterit, vihkot, julisteet ja vastaavat. [\/vc_column_text][vc_separator color=&#8221;custom&#8221; align=&#8221;align_left&#8221; border_width=&#8221;3&#8243; el_width=&#8221;20&#8243; accent_color=&#8221;#2354a2&#8243; css=&#8221;.vc_custom_1542275533056{margin-top: -20px !important;}&#8221;][vc_column_text el_id=&#8221;klamberkoide&#8221;]Tallinnan Kirjapaino tunnetaan erityisesti kirjojen painajana, mutta teemme my\u00f6s&hellip;<\/p>\n","protected":false},"author":10,"featured_media":0,"parent":0,"menu_order":0,"comment_status":"closed","ping_status":"closed","template":"","meta":{"_monsterinsights_skip_tracking":false,"_monsterinsights_sitenote_active":false,"_monsterinsights_sitenote_note":"","_monsterinsights_sitenote_category":0,"footnotes":""},"class_list":["post-58709","page","type-page","status-publish","hentry","description-off"],"yoast_head":"<!-- This site is optimized with the Yoast SEO plugin v25.5 - https:\/\/yoast.com\/wordpress\/plugins\/seo\/ -->\n<title>Muut painotuotteet - Tallinna Raamatutr\u00fckikoda<\/title>\n<meta name=\"robots\" content=\"index, follow, max-snippet:-1, max-image-preview:large, max-video-preview:-1\" \/>\n<link rel=\"canonical\" href=\"https:\/\/www.trt.ee\/fi\/muut-painotuotteet\/\" \/>\n<meta property=\"og:locale\" content=\"fi_FI\" \/>\n<meta property=\"og:type\" content=\"article\" \/>\n<meta property=\"og:title\" content=\"Muut painotuotteet - Tallinna Raamatutr\u00fckikoda\" \/>\n<meta property=\"og:description\" content=\"[vc_row bg_type=&#8221;image&#8221; bg_override=&#8221;ex-full&#8221; css=&#8221;.vc_custom_1530907372425{margin-top: -100px !important;background-image: url(https:\/\/trt.ee\/wp-content\/uploads\/2018\/07\/portada1.png?id=53167) !important;}&#8221;][vc_column][vc_empty_space height=&#8221;100px&#8221; el_class=&#8221;hide-mobile&#8221;][vc_column_text css=&#8221;.vc_custom_1548163878324{padding-top: 30px !important;padding-bottom: 10px !important;}&#8221;] Muut painotuotteet [\/vc_column_text][vc_empty_space height=&#8221;100px&#8221; el_class=&#8221;hide-mobile&#8221;][\/vc_column][\/vc_row][vc_row gap=&#8221;35&#8243; content_placement=&#8221;middle&#8221; css=&#8221;.vc_custom_1545407957873{padding-bottom: 25px !important;}&#8221;][vc_column width=&#8221;1\/2&#8243; css=&#8221;.vc_custom_1545407941550{margin-top: 0px !important;border-top-width: 0px !important;}&#8221;][vc_column_text] Mainosesitteet, kalenterit, vihkot, julisteet ja vastaavat. [\/vc_column_text][vc_separator color=&#8221;custom&#8221; align=&#8221;align_left&#8221; border_width=&#8221;3&#8243; el_width=&#8221;20&#8243; accent_color=&#8221;#2354a2&#8243; css=&#8221;.vc_custom_1542275533056{margin-top: -20px !important;}&#8221;][vc_column_text el_id=&#8221;klamberkoide&#8221;]Tallinnan Kirjapaino tunnetaan erityisesti kirjojen painajana, mutta teemme my\u00f6s&hellip;\" \/>\n<meta property=\"og:url\" content=\"https:\/\/www.trt.ee\/fi\/muut-painotuotteet\/\" \/>\n<meta property=\"og:site_name\" content=\"Tallinna Raamatutr\u00fckikoda\" \/>\n<meta property=\"article:modified_time\" content=\"2019-10-29T07:46:12+00:00\" \/>\n<meta name=\"twitter:card\" content=\"summary_large_image\" \/>\n<meta name=\"twitter:label1\" content=\"Arvioitu lukuaika\" \/>\n\t<meta name=\"twitter:data1\" content=\"6 minuuttia\" \/>\n<script type=\"application\/ld+json\" class=\"yoast-schema-graph\">{\"@context\":\"https:\/\/schema.org\",\"@graph\":[{\"@type\":\"WebPage\",\"@id\":\"https:\/\/www.trt.ee\/fi\/muut-painotuotteet\/\",\"url\":\"https:\/\/www.trt.ee\/fi\/muut-painotuotteet\/\",\"name\":\"Muut painotuotteet - Tallinna Raamatutr\u00fckikoda\",\"isPartOf\":{\"@id\":\"https:\/\/www.trt.ee\/#website\"},\"datePublished\":\"2018-09-28T10:52:56+00:00\",\"dateModified\":\"2019-10-29T07:46:12+00:00\",\"breadcrumb\":{\"@id\":\"https:\/\/www.trt.ee\/fi\/muut-painotuotteet\/#breadcrumb\"},\"inLanguage\":\"fi\",\"potentialAction\":[{\"@type\":\"ReadAction\",\"target\":[\"https:\/\/www.trt.ee\/fi\/muut-painotuotteet\/\"]}]},{\"@type\":\"BreadcrumbList\",\"@id\":\"https:\/\/www.trt.ee\/fi\/muut-painotuotteet\/#breadcrumb\",\"itemListElement\":[{\"@type\":\"ListItem\",\"position\":1,\"name\":\"Home\",\"item\":\"https:\/\/www.trt.ee\/fi\/\"},{\"@type\":\"ListItem\",\"position\":2,\"name\":\"Muut painotuotteet\"}]},{\"@type\":\"WebSite\",\"@id\":\"https:\/\/www.trt.ee\/#website\",\"url\":\"https:\/\/www.trt.ee\/\",\"name\":\"Tallinna Raamatutr\u00fckikoda\",\"description\":\"\",\"potentialAction\":[{\"@type\":\"SearchAction\",\"target\":{\"@type\":\"EntryPoint\",\"urlTemplate\":\"https:\/\/www.trt.ee\/?s={search_term_string}\"},\"query-input\":{\"@type\":\"PropertyValueSpecification\",\"valueRequired\":true,\"valueName\":\"search_term_string\"}}],\"inLanguage\":\"fi\"}]}<\/script>\n<!-- \/ Yoast SEO plugin. -->","yoast_head_json":{"title":"Muut painotuotteet - Tallinna Raamatutr\u00fckikoda","robots":{"index":"index","follow":"follow","max-snippet":"max-snippet:-1","max-image-preview":"max-image-preview:large","max-video-preview":"max-video-preview:-1"},"canonical":"https:\/\/www.trt.ee\/fi\/muut-painotuotteet\/","og_locale":"fi_FI","og_type":"article","og_title":"Muut painotuotteet - Tallinna Raamatutr\u00fckikoda","og_description":"[vc_row bg_type=&#8221;image&#8221; bg_override=&#8221;ex-full&#8221; css=&#8221;.vc_custom_1530907372425{margin-top: -100px !important;background-image: url(https:\/\/trt.ee\/wp-content\/uploads\/2018\/07\/portada1.png?id=53167) !important;}&#8221;][vc_column][vc_empty_space height=&#8221;100px&#8221; el_class=&#8221;hide-mobile&#8221;][vc_column_text css=&#8221;.vc_custom_1548163878324{padding-top: 30px !important;padding-bottom: 10px !important;}&#8221;] Muut painotuotteet [\/vc_column_text][vc_empty_space height=&#8221;100px&#8221; el_class=&#8221;hide-mobile&#8221;][\/vc_column][\/vc_row][vc_row gap=&#8221;35&#8243; content_placement=&#8221;middle&#8221; css=&#8221;.vc_custom_1545407957873{padding-bottom: 25px !important;}&#8221;][vc_column width=&#8221;1\/2&#8243; css=&#8221;.vc_custom_1545407941550{margin-top: 0px !important;border-top-width: 0px !important;}&#8221;][vc_column_text] Mainosesitteet, kalenterit, vihkot, julisteet ja vastaavat. [\/vc_column_text][vc_separator color=&#8221;custom&#8221; align=&#8221;align_left&#8221; border_width=&#8221;3&#8243; el_width=&#8221;20&#8243; accent_color=&#8221;#2354a2&#8243; css=&#8221;.vc_custom_1542275533056{margin-top: -20px !important;}&#8221;][vc_column_text el_id=&#8221;klamberkoide&#8221;]Tallinnan Kirjapaino tunnetaan erityisesti kirjojen painajana, mutta teemme my\u00f6s&hellip;","og_url":"https:\/\/www.trt.ee\/fi\/muut-painotuotteet\/","og_site_name":"Tallinna Raamatutr\u00fckikoda","article_modified_time":"2019-10-29T07:46:12+00:00","twitter_card":"summary_large_image","twitter_misc":{"Arvioitu lukuaika":"6 minuuttia"},"schema":{"@context":"https:\/\/schema.org","@graph":[{"@type":"WebPage","@id":"https:\/\/www.trt.ee\/fi\/muut-painotuotteet\/","url":"https:\/\/www.trt.ee\/fi\/muut-painotuotteet\/","name":"Muut painotuotteet - Tallinna Raamatutr\u00fckikoda","isPartOf":{"@id":"https:\/\/www.trt.ee\/#website"},"datePublished":"2018-09-28T10:52:56+00:00","dateModified":"2019-10-29T07:46:12+00:00","breadcrumb":{"@id":"https:\/\/www.trt.ee\/fi\/muut-painotuotteet\/#breadcrumb"},"inLanguage":"fi","potentialAction":[{"@type":"ReadAction","target":["https:\/\/www.trt.ee\/fi\/muut-painotuotteet\/"]}]},{"@type":"BreadcrumbList","@id":"https:\/\/www.trt.ee\/fi\/muut-painotuotteet\/#breadcrumb","itemListElement":[{"@type":"ListItem","position":1,"name":"Home","item":"https:\/\/www.trt.ee\/fi\/"},{"@type":"ListItem","position":2,"name":"Muut painotuotteet"}]},{"@type":"WebSite","@id":"https:\/\/www.trt.ee\/#website","url":"https:\/\/www.trt.ee\/","name":"Tallinna Raamatutr\u00fckikoda","description":"","potentialAction":[{"@type":"SearchAction","target":{"@type":"EntryPoint","urlTemplate":"https:\/\/www.trt.ee\/?s={search_term_string}"},"query-input":{"@type":"PropertyValueSpecification","valueRequired":true,"valueName":"search_term_string"}}],"inLanguage":"fi"}]}},"_links":{"self":[{"href":"https:\/\/www.trt.ee\/fi\/wp-json\/wp\/v2\/pages\/58709","targetHints":{"allow":["GET"]}}],"collection":[{"href":"https:\/\/www.trt.ee\/fi\/wp-json\/wp\/v2\/pages"}],"about":[{"href":"https:\/\/www.trt.ee\/fi\/wp-json\/wp\/v2\/types\/page"}],"author":[{"embeddable":true,"href":"https:\/\/www.trt.ee\/fi\/wp-json\/wp\/v2\/users\/10"}],"replies":[{"embeddable":true,"href":"https:\/\/www.trt.ee\/fi\/wp-json\/wp\/v2\/comments?post=58709"}],"version-history":[{"count":5,"href":"https:\/\/www.trt.ee\/fi\/wp-json\/wp\/v2\/pages\/58709\/revisions"}],"predecessor-version":[{"id":59452,"href":"https:\/\/www.trt.ee\/fi\/wp-json\/wp\/v2\/pages\/58709\/revisions\/59452"}],"wp:attachment":[{"href":"https:\/\/www.trt.ee\/fi\/wp-json\/wp\/v2\/media?parent=58709"}],"curies":[{"name":"wp","href":"https:\/\/api.w.org\/{rel}","templated":true}]}}