{"id":58717,"date":"2018-09-28T11:44:32","date_gmt":"2018-09-28T11:44:32","guid":{"rendered":"https:\/\/trt.ee\/jareltootlus\/"},"modified":"2019-01-23T07:16:38","modified_gmt":"2019-01-23T07:16:38","slug":"jalkikasittely","status":"publish","type":"page","link":"https:\/\/www.trt.ee\/fi\/jalkikasittely\/","title":{"rendered":"J\u00e4lkik\u00e4sittely"},"content":{"rendered":"<div class=\"wpb-content-wrapper\"><p>[vc_row bg_type=&#8221;image&#8221; bg_override=&#8221;ex-full&#8221; css=&#8221;.vc_custom_1546094740183{margin-top: -100px !important;background-image: url(https:\/\/trt.ee\/wp-content\/uploads\/2018\/07\/portada1.png?id=53167) !important;}&#8221;][vc_column][vc_empty_space height=&#8221;100px&#8221; el_class=&#8221;hide-mobile&#8221;][vc_column_text css=&#8221;.vc_custom_1548227231287{padding-top: 20px !important;}&#8221;]<\/p>\n<h1><span style=\"font-weight: 400; color: #ffffff; font-size: 7vh !important;\">J\u00e4lkik\u00e4sittely<\/span><\/h1>\n<p>[\/vc_column_text][vc_empty_space height=&#8221;100px&#8221; el_class=&#8221;hide-mobile&#8221;][\/vc_column][\/vc_row][vc_row content_placement=&#8221;middle&#8221;][vc_column width=&#8221;1\/2&#8243; css=&#8221;.vc_custom_1546095558294{margin-top: 0px !important;border-top-width: 0px !important;}&#8221;][vc_empty_space el_class=&#8221;hide-mobile&#8221;][vc_column_text]<\/p>\n<h2 style=\"color: #2354a2; text-align: left;\">J\u00e4lkik\u00e4sittely<\/h2>\n<p>[\/vc_column_text][vc_separator color=&#8221;custom&#8221; align=&#8221;align_left&#8221; border_width=&#8221;3&#8243; el_width=&#8221;30&#8243; accent_color=&#8221;#2354a2&#8243; css=&#8221;.vc_custom_1538120243828{margin-top: -20px !important;}&#8221;][vc_column_text]Kirja voi olla vain kirja. Mutta se voi olla my\u00f6s jotain erityist\u00e4. Kaikki alkaa ulkoasusta, joka saavutetaan pitk\u00e4lti vasta j\u00e4lkik\u00e4sittelyss\u00e4.<\/p>\n<p>Tutustu kaikkiin j\u00e4lkik\u00e4sittelymahdollisuuksiin ja k\u00e4yt\u00e4 niit\u00e4 rohkeasti. Kysy my\u00f6s neuvoa eri materiaaleista \u2013 vaihtoehtoja on enemm\u00e4n kuin arvaatkaan!<\/p>\n<p>Teemme ideoistanne yhdess\u00e4 totta![\/vc_column_text][\/vc_column][vc_column width=&#8221;1\/2&#8243; css=&#8221;.vc_custom_1546095280119{background-position: center !important;background-repeat: no-repeat !important;background-size: contain !important;}&#8221;][vc_empty_space height=&#8221;1px&#8221; el_class=&#8221;hide-desktop&#8221; css=&#8221;.vc_custom_1546095605724{margin-top: -40px !important;}&#8221;][vc_single_image image=&#8221;55008&#8243; img_size=&#8221;400&#215;300&#8243; alignment=&#8221;center&#8221;][\/vc_column][\/vc_row][vc_row css=&#8221;.vc_custom_1546095670979{margin-top: 2% !important;margin-bottom: 2% !important;}&#8221;][vc_column]<div class=\"dt-fancy-separator h2-size style-disabled accent-title-color\" style=\"width: 100%;\"><div class=\"dt-fancy-title\"><span class=\"separator-holder separator-left\" style=\"border-color: #2354a2;\"><\/span>Palvelut<span class=\"separator-holder separator-right\" style=\"border-color: #2354a2;\"><\/span><\/div><\/div>[vc_separator color=&#8221;custom&#8221; border_width=&#8221;3&#8243; el_width=&#8221;10&#8243; accent_color=&#8221;#2354a2&#8243;][\/vc_column][\/vc_row][vc_row gap=&#8221;30&#8243; equal_height=&#8221;yes&#8221;][vc_column width=&#8221;1\/3&#8243; css=&#8221;.vc_custom_1538133456313{padding-right: 30px !important;padding-left: 30px !important;background-color: #f2f2f2 !important;}&#8221;][vc_single_image image=&#8221;53858&#8243; alignment=&#8221;center&#8221; style=&#8221;vc_box_circle_2&#8243;][vc_column_text]<\/p>\n<h5 style=\"text-align: center;\"><strong>Foliointi<\/strong><\/h5>\n<p>[\/vc_column_text][vc_column_text]<\/p>\n<p style=\"text-align: center;\">Koristelee tuotteesi n\u00e4ytt\u00e4v\u00e4sti ja arvokkaasti metallisilla kirjaimilla ja symboleilla. V\u00e4reist\u00e4 k\u00e4yt\u00e4mme enimm\u00e4kseen kullan, hopean ja pronssin eri s\u00e4vyj\u00e4. V\u00e4rillisten folioiden valikoima ei ole laaja, mutta luettelosta l\u00f6ytyv\u00e4t varmasti kaikki perusv\u00e4rit.<\/p>\n<p>[\/vc_column_text][\/vc_column][vc_column width=&#8221;1\/3&#8243; css=&#8221;.vc_custom_1538133463591{background-color: #f2f2f2 !important;}&#8221;][vc_single_image image=&#8221;53860&#8243; alignment=&#8221;center&#8221; style=&#8221;vc_box_circle_2&#8243;][vc_column_text]<\/p>\n<h5 style=\"text-align: center;\"><strong>UV-kohdelakkaus, UV-lakkaus, vesilakkaus<\/strong><\/h5>\n<p>[\/vc_column_text][vc_column_text]<\/p>\n<p style=\"text-align: center;\">Kirjan kantta tai tuotteen muita pintoja osittain tai t\u00e4ysin kattavat lakat. K\u00e4ytett\u00e4viss\u00e4 kiilt\u00e4v\u00e4t, matta- ja kohopintaiset ratkaisut.<\/p>\n<p>[\/vc_column_text][\/vc_column][vc_column width=&#8221;1\/3&#8243; css=&#8221;.vc_custom_1538133946614{background-color: #f2f2f2 !important;}&#8221;][vc_single_image image=&#8221;54525&#8243; alignment=&#8221;center&#8221; style=&#8221;vc_box_circle_2&#8243;][vc_column_text]<\/p>\n<h5 style=\"text-align: center;\"><strong>Laminointi<\/strong><\/h5>\n<p>[\/vc_column_text][vc_column_text css=&#8221;.vc_custom_1548227518704{padding-right: 30px !important;padding-left: 30px !important;}&#8221;]<\/p>\n<p style=\"text-align: center;\">Muuttaa kannet kest\u00e4viksi. Laminointi voi olla kiilt\u00e4v\u00e4, matta, naarmuuntumaton matta tai samettinen.<\/p>\n<p>[\/vc_column_text][\/vc_column][\/vc_row][vc_row gap=&#8221;30&#8243; equal_height=&#8221;yes&#8221;][vc_column width=&#8221;1\/3&#8243; css=&#8221;.vc_custom_1538133930787{background-color: #f2f2f2 !important;}&#8221;][vc_single_image image=&#8221;54603&#8243; alignment=&#8221;center&#8221; style=&#8221;vc_box_circle_2&#8243;][vc_column_text]<\/p>\n<h5 style=\"text-align: center;\"><strong>Korkopuristus (preeglaus)<\/strong><\/h5>\n<p>[\/vc_column_text][vc_column_text]<\/p>\n<p style=\"text-align: center;\">N\u00e4ytt\u00e4v\u00e4 koho- tai kaiverruskuvio, jossa teksti tai kuva painetaan materiaaliin puristamalla. Korkokuviointi voidaan tehd\u00e4 foliolla tai ilman.<\/p>\n<p>[\/vc_column_text][\/vc_column][vc_column width=&#8221;1\/3&#8243; css=&#8221;.vc_custom_1538133933613{background-color: #f2f2f2 !important;}&#8221;][vc_single_image image=&#8221;54595&#8243; alignment=&#8221;center&#8221; style=&#8221;vc_box_circle_2&#8243;][vc_column_text]<\/p>\n<h5 style=\"text-align: center;\"><strong>Silkkipaino<\/strong><\/h5>\n<p>[\/vc_column_text][vc_column_text css=&#8221;.vc_custom_1548227642496{padding-right: 30px !important;padding-left: 30px !important;}&#8221;]<\/p>\n<p style=\"text-align: center;\">Painantamenetelm\u00e4, jossa v\u00e4ri levitet\u00e4\u00e4n pinnalle hienojakoisen verkon (silkki) l\u00e4vitse, joka on pingotettu kehykseen. K\u00e4ytet\u00e4\u00e4n materiaaleissa, joihin ei ole mahdollista painaa suoraan (nahka, pp-materiaalit, pahvi).<\/p>\n<p>[\/vc_column_text][\/vc_column][vc_column width=&#8221;1\/3&#8243; css=&#8221;.vc_custom_1538133938235{background-color: #f2f2f2 !important;}&#8221;][vc_single_image image=&#8221;54597&#8243; alignment=&#8221;center&#8221; style=&#8221;vc_box_circle_2&#8243;][vc_column_text]<\/p>\n<h5 style=\"text-align: center;\"><strong>Muotoleikkaus (stanssaus)<\/strong><\/h5>\n<p>[\/vc_column_text][vc_column_text css=&#8221;.vc_custom_1548227658911{padding-right: 30px !important;padding-left: 30px !important;}&#8221;]<\/p>\n<p style=\"text-align: center;\">Mahdollistaa erimuotoisten reunojen ja leikkausten tekemisen. Esimerkiksi kirjan kanteen tai ensimm\u00e4isiin sivuihin voidaan leikata reiki\u00e4, jotka tuovat esiin alempien sivujen sis\u00e4ll\u00f6n.<\/p>\n<p>[\/vc_column_text][\/vc_column][\/vc_row][vc_row gap=&#8221;30&#8243; equal_height=&#8221;yes&#8221;][vc_column width=&#8221;1\/3&#8243; css=&#8221;.vc_custom_1538133910090{background-color: #f2f2f2 !important;}&#8221;][vc_single_image image=&#8221;54593&#8243; alignment=&#8221;center&#8221; style=&#8221;vc_box_circle_2&#8243;][vc_column_text]<\/p>\n<h5 style=\"text-align: center;\"><strong>PANTONE-v\u00e4rit<\/strong><\/h5>\n<p>[\/vc_column_text][vc_column_text css=&#8221;.vc_custom_1548227711139{padding-right: 30px !important;padding-left: 30px !important;}&#8221;]<\/p>\n<p style=\"text-align: center;\">K\u00e4yt\u00e4mme v\u00e4rej\u00e4, jotka on sekoitettu PANTONE-luettelon 14 perusv\u00e4rist\u00e4. T\u00e4m\u00e4 mahdollistaa laajemman v\u00e4ripaletin kuin perinteinen neliv\u00e4ripaino: monet v\u00e4ris\u00e4vyt n\u00e4ytt\u00e4v\u00e4t spottiv\u00e4reill\u00e4 painettuina yhten\u00e4isemmilt\u00e4 ja kirkkaammilta.<\/p>\n<p>[\/vc_column_text][\/vc_column][vc_column width=&#8221;1\/3&#8243; css=&#8221;.vc_custom_1538133914044{background-color: #f2f2f2 !important;}&#8221;][vc_single_image image=&#8221;54556&#8243; alignment=&#8221;center&#8221; style=&#8221;vc_box_circle_2&#8243;][vc_column_text]<\/p>\n<h5 style=\"text-align: center;\"><strong>Kansien ja sis\u00e4sivujen tarrat<\/strong><\/h5>\n<p>[\/vc_column_text][vc_column_text css=&#8221;.vc_custom_1548227756264{padding-right: 30px !important;padding-left: 30px !important;}&#8221;]<\/p>\n<p style=\"text-align: center;\">N\u00e4ytt\u00e4v\u00e4 lis\u00e4efekti. K\u00e4ytet\u00e4\u00e4n usein taidekirjoissa tai nahkakansissa.<\/p>\n<p>[\/vc_column_text][\/vc_column][vc_column width=&#8221;1\/3&#8243; css=&#8221;.vc_custom_1538133907168{background-color: #f2f2f2 !important;}&#8221;][vc_single_image image=&#8221;54625&#8243; alignment=&#8221;center&#8221; style=&#8221;vc_box_circle_2&#8243;][vc_column_text]<\/p>\n<h5 style=\"text-align: center;\"><strong>Lukunauha<\/strong><\/h5>\n<p>[\/vc_column_text][vc_column_text]<\/p>\n<p style=\"text-align: center;\">K\u00e4yt\u00e4nn\u00f6llinen ja arvoa lis\u00e4\u00e4v\u00e4 somiste kovakantisille kirjoille ja taskukalentereille. Valikoimassa eriv\u00e4risi\u00e4 ja -mittaisia nauhoja.<\/p>\n<p>[\/vc_column_text][\/vc_column][\/vc_row][vc_row][vc_column][vc_empty_space height=&#8221;64px&#8221;][vc_column_text]<\/p>\n<h4 style=\"text-align: center;\">Melkein kaikki menetelm\u00e4t ja tekniikat ovat yhdistett\u00e4viss\u00e4 toisiinsa.<\/h4>\n<p>[\/vc_column_text][\/vc_column][\/vc_row]<\/p>\n<\/div>","protected":false},"excerpt":{"rendered":"<p>[vc_row bg_type=&#8221;image&#8221; bg_override=&#8221;ex-full&#8221; css=&#8221;.vc_custom_1546094740183{margin-top: -100px !important;background-image: url(https:\/\/trt.ee\/wp-content\/uploads\/2018\/07\/portada1.png?id=53167) !important;}&#8221;][vc_column][vc_empty_space height=&#8221;100px&#8221; el_class=&#8221;hide-mobile&#8221;][vc_column_text css=&#8221;.vc_custom_1548227231287{padding-top: 20px !important;}&#8221;] J\u00e4lkik\u00e4sittely [\/vc_column_text][vc_empty_space height=&#8221;100px&#8221; el_class=&#8221;hide-mobile&#8221;][\/vc_column][\/vc_row][vc_row content_placement=&#8221;middle&#8221;][vc_column width=&#8221;1\/2&#8243; css=&#8221;.vc_custom_1546095558294{margin-top: 0px !important;border-top-width: 0px !important;}&#8221;][vc_empty_space el_class=&#8221;hide-mobile&#8221;][vc_column_text] J\u00e4lkik\u00e4sittely [\/vc_column_text][vc_separator color=&#8221;custom&#8221; align=&#8221;align_left&#8221; border_width=&#8221;3&#8243; el_width=&#8221;30&#8243; accent_color=&#8221;#2354a2&#8243; css=&#8221;.vc_custom_1538120243828{margin-top: -20px !important;}&#8221;][vc_column_text]Kirja voi olla vain kirja. Mutta se voi olla my\u00f6s jotain erityist\u00e4. Kaikki alkaa ulkoasusta, joka saavutetaan pitk\u00e4lti vasta j\u00e4lkik\u00e4sittelyss\u00e4. Tutustu&hellip;<\/p>\n","protected":false},"author":10,"featured_media":0,"parent":0,"menu_order":0,"comment_status":"closed","ping_status":"closed","template":"","meta":{"_monsterinsights_skip_tracking":false,"_monsterinsights_sitenote_active":false,"_monsterinsights_sitenote_note":"","_monsterinsights_sitenote_category":0,"footnotes":""},"class_list":["post-58717","page","type-page","status-publish","hentry","description-off"],"yoast_head":"<!-- This site is optimized with the Yoast SEO plugin v25.5 - https:\/\/yoast.com\/wordpress\/plugins\/seo\/ -->\n<title>J\u00e4lkik\u00e4sittely - Tallinna Raamatutr\u00fckikoda<\/title>\n<meta name=\"robots\" content=\"index, follow, max-snippet:-1, max-image-preview:large, max-video-preview:-1\" \/>\n<link rel=\"canonical\" href=\"https:\/\/www.trt.ee\/fi\/jalkikasittely\/\" \/>\n<meta property=\"og:locale\" content=\"fi_FI\" \/>\n<meta property=\"og:type\" content=\"article\" \/>\n<meta property=\"og:title\" content=\"J\u00e4lkik\u00e4sittely - Tallinna Raamatutr\u00fckikoda\" \/>\n<meta property=\"og:description\" content=\"[vc_row bg_type=&#8221;image&#8221; bg_override=&#8221;ex-full&#8221; css=&#8221;.vc_custom_1546094740183{margin-top: -100px !important;background-image: url(https:\/\/trt.ee\/wp-content\/uploads\/2018\/07\/portada1.png?id=53167) !important;}&#8221;][vc_column][vc_empty_space height=&#8221;100px&#8221; el_class=&#8221;hide-mobile&#8221;][vc_column_text css=&#8221;.vc_custom_1548227231287{padding-top: 20px !important;}&#8221;] J\u00e4lkik\u00e4sittely [\/vc_column_text][vc_empty_space height=&#8221;100px&#8221; el_class=&#8221;hide-mobile&#8221;][\/vc_column][\/vc_row][vc_row content_placement=&#8221;middle&#8221;][vc_column width=&#8221;1\/2&#8243; css=&#8221;.vc_custom_1546095558294{margin-top: 0px !important;border-top-width: 0px !important;}&#8221;][vc_empty_space el_class=&#8221;hide-mobile&#8221;][vc_column_text] J\u00e4lkik\u00e4sittely [\/vc_column_text][vc_separator color=&#8221;custom&#8221; align=&#8221;align_left&#8221; border_width=&#8221;3&#8243; el_width=&#8221;30&#8243; accent_color=&#8221;#2354a2&#8243; css=&#8221;.vc_custom_1538120243828{margin-top: -20px !important;}&#8221;][vc_column_text]Kirja voi olla vain kirja. Mutta se voi olla my\u00f6s jotain erityist\u00e4. Kaikki alkaa ulkoasusta, joka saavutetaan pitk\u00e4lti vasta j\u00e4lkik\u00e4sittelyss\u00e4. Tutustu&hellip;\" \/>\n<meta property=\"og:url\" content=\"https:\/\/www.trt.ee\/fi\/jalkikasittely\/\" \/>\n<meta property=\"og:site_name\" content=\"Tallinna Raamatutr\u00fckikoda\" \/>\n<meta property=\"article:modified_time\" content=\"2019-01-23T07:16:38+00:00\" \/>\n<meta name=\"twitter:card\" content=\"summary_large_image\" \/>\n<meta name=\"twitter:label1\" content=\"Arvioitu lukuaika\" \/>\n\t<meta name=\"twitter:data1\" content=\"5 minuuttia\" \/>\n<script type=\"application\/ld+json\" class=\"yoast-schema-graph\">{\"@context\":\"https:\/\/schema.org\",\"@graph\":[{\"@type\":\"WebPage\",\"@id\":\"https:\/\/www.trt.ee\/fi\/jalkikasittely\/\",\"url\":\"https:\/\/www.trt.ee\/fi\/jalkikasittely\/\",\"name\":\"J\u00e4lkik\u00e4sittely - Tallinna Raamatutr\u00fckikoda\",\"isPartOf\":{\"@id\":\"https:\/\/www.trt.ee\/#website\"},\"datePublished\":\"2018-09-28T11:44:32+00:00\",\"dateModified\":\"2019-01-23T07:16:38+00:00\",\"breadcrumb\":{\"@id\":\"https:\/\/www.trt.ee\/fi\/jalkikasittely\/#breadcrumb\"},\"inLanguage\":\"fi\",\"potentialAction\":[{\"@type\":\"ReadAction\",\"target\":[\"https:\/\/www.trt.ee\/fi\/jalkikasittely\/\"]}]},{\"@type\":\"BreadcrumbList\",\"@id\":\"https:\/\/www.trt.ee\/fi\/jalkikasittely\/#breadcrumb\",\"itemListElement\":[{\"@type\":\"ListItem\",\"position\":1,\"name\":\"Home\",\"item\":\"https:\/\/www.trt.ee\/fi\/\"},{\"@type\":\"ListItem\",\"position\":2,\"name\":\"J\u00e4lkik\u00e4sittely\"}]},{\"@type\":\"WebSite\",\"@id\":\"https:\/\/www.trt.ee\/#website\",\"url\":\"https:\/\/www.trt.ee\/\",\"name\":\"Tallinna Raamatutr\u00fckikoda\",\"description\":\"\",\"potentialAction\":[{\"@type\":\"SearchAction\",\"target\":{\"@type\":\"EntryPoint\",\"urlTemplate\":\"https:\/\/www.trt.ee\/?s={search_term_string}\"},\"query-input\":{\"@type\":\"PropertyValueSpecification\",\"valueRequired\":true,\"valueName\":\"search_term_string\"}}],\"inLanguage\":\"fi\"}]}<\/script>\n<!-- \/ Yoast SEO plugin. -->","yoast_head_json":{"title":"J\u00e4lkik\u00e4sittely - Tallinna Raamatutr\u00fckikoda","robots":{"index":"index","follow":"follow","max-snippet":"max-snippet:-1","max-image-preview":"max-image-preview:large","max-video-preview":"max-video-preview:-1"},"canonical":"https:\/\/www.trt.ee\/fi\/jalkikasittely\/","og_locale":"fi_FI","og_type":"article","og_title":"J\u00e4lkik\u00e4sittely - Tallinna Raamatutr\u00fckikoda","og_description":"[vc_row bg_type=&#8221;image&#8221; bg_override=&#8221;ex-full&#8221; css=&#8221;.vc_custom_1546094740183{margin-top: -100px !important;background-image: url(https:\/\/trt.ee\/wp-content\/uploads\/2018\/07\/portada1.png?id=53167) !important;}&#8221;][vc_column][vc_empty_space height=&#8221;100px&#8221; el_class=&#8221;hide-mobile&#8221;][vc_column_text css=&#8221;.vc_custom_1548227231287{padding-top: 20px !important;}&#8221;] J\u00e4lkik\u00e4sittely [\/vc_column_text][vc_empty_space height=&#8221;100px&#8221; el_class=&#8221;hide-mobile&#8221;][\/vc_column][\/vc_row][vc_row content_placement=&#8221;middle&#8221;][vc_column width=&#8221;1\/2&#8243; css=&#8221;.vc_custom_1546095558294{margin-top: 0px !important;border-top-width: 0px !important;}&#8221;][vc_empty_space el_class=&#8221;hide-mobile&#8221;][vc_column_text] J\u00e4lkik\u00e4sittely [\/vc_column_text][vc_separator color=&#8221;custom&#8221; align=&#8221;align_left&#8221; border_width=&#8221;3&#8243; el_width=&#8221;30&#8243; accent_color=&#8221;#2354a2&#8243; css=&#8221;.vc_custom_1538120243828{margin-top: -20px !important;}&#8221;][vc_column_text]Kirja voi olla vain kirja. Mutta se voi olla my\u00f6s jotain erityist\u00e4. Kaikki alkaa ulkoasusta, joka saavutetaan pitk\u00e4lti vasta j\u00e4lkik\u00e4sittelyss\u00e4. Tutustu&hellip;","og_url":"https:\/\/www.trt.ee\/fi\/jalkikasittely\/","og_site_name":"Tallinna Raamatutr\u00fckikoda","article_modified_time":"2019-01-23T07:16:38+00:00","twitter_card":"summary_large_image","twitter_misc":{"Arvioitu lukuaika":"5 minuuttia"},"schema":{"@context":"https:\/\/schema.org","@graph":[{"@type":"WebPage","@id":"https:\/\/www.trt.ee\/fi\/jalkikasittely\/","url":"https:\/\/www.trt.ee\/fi\/jalkikasittely\/","name":"J\u00e4lkik\u00e4sittely - Tallinna Raamatutr\u00fckikoda","isPartOf":{"@id":"https:\/\/www.trt.ee\/#website"},"datePublished":"2018-09-28T11:44:32+00:00","dateModified":"2019-01-23T07:16:38+00:00","breadcrumb":{"@id":"https:\/\/www.trt.ee\/fi\/jalkikasittely\/#breadcrumb"},"inLanguage":"fi","potentialAction":[{"@type":"ReadAction","target":["https:\/\/www.trt.ee\/fi\/jalkikasittely\/"]}]},{"@type":"BreadcrumbList","@id":"https:\/\/www.trt.ee\/fi\/jalkikasittely\/#breadcrumb","itemListElement":[{"@type":"ListItem","position":1,"name":"Home","item":"https:\/\/www.trt.ee\/fi\/"},{"@type":"ListItem","position":2,"name":"J\u00e4lkik\u00e4sittely"}]},{"@type":"WebSite","@id":"https:\/\/www.trt.ee\/#website","url":"https:\/\/www.trt.ee\/","name":"Tallinna Raamatutr\u00fckikoda","description":"","potentialAction":[{"@type":"SearchAction","target":{"@type":"EntryPoint","urlTemplate":"https:\/\/www.trt.ee\/?s={search_term_string}"},"query-input":{"@type":"PropertyValueSpecification","valueRequired":true,"valueName":"search_term_string"}}],"inLanguage":"fi"}]}},"_links":{"self":[{"href":"https:\/\/www.trt.ee\/fi\/wp-json\/wp\/v2\/pages\/58717","targetHints":{"allow":["GET"]}}],"collection":[{"href":"https:\/\/www.trt.ee\/fi\/wp-json\/wp\/v2\/pages"}],"about":[{"href":"https:\/\/www.trt.ee\/fi\/wp-json\/wp\/v2\/types\/page"}],"author":[{"embeddable":true,"href":"https:\/\/www.trt.ee\/fi\/wp-json\/wp\/v2\/users\/10"}],"replies":[{"embeddable":true,"href":"https:\/\/www.trt.ee\/fi\/wp-json\/wp\/v2\/comments?post=58717"}],"version-history":[{"count":2,"href":"https:\/\/www.trt.ee\/fi\/wp-json\/wp\/v2\/pages\/58717\/revisions"}],"predecessor-version":[{"id":58719,"href":"https:\/\/www.trt.ee\/fi\/wp-json\/wp\/v2\/pages\/58717\/revisions\/58719"}],"wp:attachment":[{"href":"https:\/\/www.trt.ee\/fi\/wp-json\/wp\/v2\/media?parent=58717"}],"curies":[{"name":"wp","href":"https:\/\/api.w.org\/{rel}","templated":true}]}}